{"id":810,"date":"2024-05-27T20:17:08","date_gmt":"2024-05-27T20:17:08","guid":{"rendered":"http:\/\/mostafaa12.sg-host.com\/?page_id=810"},"modified":"2025-03-15T16:05:51","modified_gmt":"2025-03-15T16:05:51","slug":"value-proposition","status":"publish","type":"page","link":"https:\/\/elsewedywatanya.com\/fr\/value-proposition\/","title":{"rendered":"Proposition de valeur"},"content":{"rendered":"<div data-elementor-type=\"wp-page\" data-elementor-id=\"810\" class=\"elementor elementor-810\">\n\t\t\t\t\t\t<section class=\"elementor-section elementor-top-section elementor-element elementor-element-f150c82 elementor-section-full_width elementor-section-height-default elementor-section-height-default\" data-id=\"f150c82\" data-element_type=\"section\">\n\t\t\t\t\t\t<div class=\"elementor-container elementor-column-gap-no\">\n\t\t\t\t\t<div class=\"elementor-column elementor-col-100 elementor-top-column elementor-element elementor-element-e702499\" data-id=\"e702499\" data-element_type=\"column\">\n\t\t\t<div class=\"elementor-widget-wrap elementor-element-populated\">\n\t\t\t\t\t\t<div class=\"elementor-element elementor-element-34b7984 elementor-align-left elementor-widget elementor-widget-bdevs-banner-other\" data-id=\"34b7984\" data-element_type=\"widget\" data-widget_type=\"bdevs-banner-other.default\">\n\t\t\t\t<div class=\"elementor-widget-container\">\n\t\t\t\t\t  \r\n<section>\r\n    <div class=\"pages-hero\" style=\"background-image:url(https:\/\/elsewedywatanya.com\/wp-content\/uploads\/2025\/03\/S7S_3232-scaled.jpg)\">\r\n        <div class=\"container\">\r\n            <div class=\"pages-title\">\r\n            \t                \t            <h1>Proposition de valeur<\/h1>\r\n\t            \t                        <\/div>\r\n        <\/div>\r\n    <\/div>\r\n<\/section>\r\n\t\t\t\t\t<\/div>\n\t\t\t\t<\/div>\n\t\t\t\t\t<\/div>\n\t\t<\/div>\n\t\t\t\t\t<\/div>\n\t\t<\/section>\n\t\t\t\t<section class=\"elementor-section elementor-top-section elementor-element elementor-element-95ee14c elementor-section-boxed elementor-section-height-default elementor-section-height-default\" data-id=\"95ee14c\" data-element_type=\"section\">\n\t\t\t\t\t\t<div class=\"elementor-container elementor-column-gap-default\">\n\t\t\t\t\t<div class=\"elementor-column elementor-col-50 elementor-top-column elementor-element elementor-element-7b0bc3b\" data-id=\"7b0bc3b\" data-element_type=\"column\">\n\t\t\t<div class=\"elementor-widget-wrap elementor-element-populated\">\n\t\t\t\t\t\t<div class=\"elementor-element elementor-element-94cb44f elementor-widget elementor-widget-heading\" data-id=\"94cb44f\" data-element_type=\"widget\" data-widget_type=\"heading.default\">\n\t\t\t\t<div class=\"elementor-widget-container\">\n\t\t\t\t\t<h5 class=\"elementor-heading-title elementor-size-default\">Engagement Constant<\/h5>\t\t\t\t<\/div>\n\t\t\t\t<\/div>\n\t\t\t\t<div class=\"elementor-element elementor-element-15edb1f elementor-widget elementor-widget-heading\" data-id=\"15edb1f\" data-element_type=\"widget\" data-widget_type=\"heading.default\">\n\t\t\t\t<div class=\"elementor-widget-container\">\n\t\t\t\t\t<h2 class=\"elementor-heading-title elementor-size-default\">Nous nous engageons \u00e0 \u00e9tendre notre impact au-del\u00e0 des produits\u00a0eux-m\u00eames<\/h2>\t\t\t\t<\/div>\n\t\t\t\t<\/div>\n\t\t\t\t<div class=\"elementor-element elementor-element-58e5c3b elementor-widget__width-initial elementor-widget elementor-widget-text-editor\" data-id=\"58e5c3b\" data-element_type=\"widget\" data-widget_type=\"text-editor.default\">\n\t\t\t\t<div class=\"elementor-widget-container\">\n\t\t\t\t\t\t\t\t\t<p>Chez Elsewedy Watanya, nous aidons les agriculteurs \u00e0 am\u00e9liorer leur efficacit\u00e9 et productivit\u00e9 gr\u00e2ce \u00e0 nos syst\u00e8mes d'irrigation pivot\u00a0de\u00a0pointe.<\/p>\n<p><span style=\"color: var(--paragraph-color); font-family: 'Open Sans', sans-serif; font-size: 15px; letter-spacing: 0px;\">Nos conceptions innovantes garantissent une distribution optimale de l\u2019eau, r\u00e9duisant ainsi les pertes et maximisant les rendements. Notre engagement va bien au-del\u00e0 de l'investissement initial:<\/span><span style=\"color: var(--paragraph-color); font-family: 'Open Sans', sans-serif; font-size: 15px; letter-spacing: 0px;\">nous proposons des services de maintenance complets pour assurer le bon fonctionnement de vos pivots, tout en maintenant un stock de pi\u00e8ces d\u00e9tach\u00e9es facilement accessible pour limiter les\u00a0interruptions.<\/span><\/p>\n<p>Choisissez Elsewedy Watanya et&nbsp;<span style=\"color: var(--paragraph-color); font-family: 'Open Sans', sans-serif; font-size: 15px; letter-spacing: 0px;\">b\u00e9n\u00e9ficiez d'une solution d'irrigation globale, de A \u00e0 Z, avec la s\u00e9r\u00e9nit\u00e9 en prime. Nous sommes pleinement investis dans votre\u00a0r\u00e9ussite.&nbsp;<\/span><\/p><p><span style=\"color: var(--paragraph-color); font-family: 'Open Sans', sans-serif; font-size: 15px; letter-spacing: 0px;\"><br><\/span><\/p>\t\t\t\t\t\t\t\t<\/div>\n\t\t\t\t<\/div>\n\t\t\t\t\t<\/div>\n\t\t<\/div>\n\t\t\t\t<div class=\"elementor-column elementor-col-50 elementor-top-column elementor-element elementor-element-0d7e2e8\" data-id=\"0d7e2e8\" data-element_type=\"column\">\n\t\t\t<div class=\"elementor-widget-wrap elementor-element-populated\">\n\t\t\t\t\t\t<div class=\"elementor-element elementor-element-c1f2712 elementor-widget__width-initial elementor-widget elementor-widget-image\" data-id=\"c1f2712\" data-element_type=\"widget\" data-widget_type=\"image.default\">\n\t\t\t\t<div class=\"elementor-widget-container\">\n\t\t\t\t\t\t\t\t\t\t\t\t\t\t\t<img fetchpriority=\"high\" decoding=\"async\" width=\"900\" height=\"541\" src=\"https:\/\/elsewedywatanya.com\/wp-content\/uploads\/2025\/03\/Page-5-scaled-e1742055385630-1024x616.jpg\" class=\"attachment-large size-large wp-image-4083\" alt=\"\" srcset=\"https:\/\/elsewedywatanya.com\/wp-content\/uploads\/2025\/03\/Page-5-scaled-e1742055385630-1024x616.jpg 1024w, https:\/\/elsewedywatanya.com\/wp-content\/uploads\/2025\/03\/Page-5-scaled-e1742055385630-300x180.jpg 300w, https:\/\/elsewedywatanya.com\/wp-content\/uploads\/2025\/03\/Page-5-scaled-e1742055385630-768x462.jpg 768w, https:\/\/elsewedywatanya.com\/wp-content\/uploads\/2025\/03\/Page-5-scaled-e1742055385630-1536x924.jpg 1536w, https:\/\/elsewedywatanya.com\/wp-content\/uploads\/2025\/03\/Page-5-scaled-e1742055385630-2048x1232.jpg 2048w, https:\/\/elsewedywatanya.com\/wp-content\/uploads\/2025\/03\/Page-5-scaled-e1742055385630-18x12.jpg 18w\" sizes=\"(max-width: 900px) 100vw, 900px\" \/>\t\t\t\t\t\t\t\t\t\t\t\t\t\t\t<\/div>\n\t\t\t\t<\/div>\n\t\t\t\t\t<\/div>\n\t\t<\/div>\n\t\t\t\t\t<\/div>\n\t\t<\/section>\n\t\t\t\t<section class=\"elementor-section elementor-top-section elementor-element elementor-element-47af189 elementor-section-boxed elementor-section-height-default elementor-section-height-default\" data-id=\"47af189\" data-element_type=\"section\">\n\t\t\t\t\t\t<div class=\"elementor-container elementor-column-gap-default\">\n\t\t\t\t\t<div class=\"elementor-column elementor-col-50 elementor-top-column elementor-element elementor-element-9b56981\" data-id=\"9b56981\" data-element_type=\"column\">\n\t\t\t<div class=\"elementor-widget-wrap elementor-element-populated\">\n\t\t\t\t\t\t<div class=\"elementor-element elementor-element-9fc4fc8 elementor-widget__width-initial elementor-widget elementor-widget-image\" data-id=\"9fc4fc8\" data-element_type=\"widget\" data-widget_type=\"image.default\">\n\t\t\t\t<div class=\"elementor-widget-container\">\n\t\t\t\t\t\t\t\t\t\t\t\t\t\t\t<img decoding=\"async\" width=\"2048\" height=\"1152\" src=\"https:\/\/elsewedywatanya.com\/wp-content\/uploads\/2024\/06\/Sequence-01.00_48_00_30.Still042-2048x1152.jpg\" class=\"attachment-2048x2048 size-2048x2048 wp-image-933\" alt=\"\" srcset=\"https:\/\/elsewedywatanya.com\/wp-content\/uploads\/2024\/06\/Sequence-01.00_48_00_30.Still042-2048x1152.jpg 2048w, https:\/\/elsewedywatanya.com\/wp-content\/uploads\/2024\/06\/Sequence-01.00_48_00_30.Still042-300x169.jpg 300w, https:\/\/elsewedywatanya.com\/wp-content\/uploads\/2024\/06\/Sequence-01.00_48_00_30.Still042-1024x576.jpg 1024w, https:\/\/elsewedywatanya.com\/wp-content\/uploads\/2024\/06\/Sequence-01.00_48_00_30.Still042-768x432.jpg 768w, https:\/\/elsewedywatanya.com\/wp-content\/uploads\/2024\/06\/Sequence-01.00_48_00_30.Still042-1536x864.jpg 1536w\" sizes=\"(max-width: 2048px) 100vw, 2048px\" \/>\t\t\t\t\t\t\t\t\t\t\t\t\t\t\t<\/div>\n\t\t\t\t<\/div>\n\t\t\t\t\t<\/div>\n\t\t<\/div>\n\t\t\t\t<div class=\"elementor-column elementor-col-50 elementor-top-column elementor-element elementor-element-b62de36\" data-id=\"b62de36\" data-element_type=\"column\">\n\t\t\t<div class=\"elementor-widget-wrap elementor-element-populated\">\n\t\t\t\t\t\t<div class=\"elementor-element elementor-element-24c32e1 elementor-widget elementor-widget-heading\" data-id=\"24c32e1\" data-element_type=\"widget\" data-widget_type=\"heading.default\">\n\t\t\t\t<div class=\"elementor-widget-container\">\n\t\t\t\t\t<h5 class=\"elementor-heading-title elementor-size-default\">Qualit\u00e9 guarantie<\/h5>\t\t\t\t<\/div>\n\t\t\t\t<\/div>\n\t\t\t\t<div class=\"elementor-element elementor-element-001a012 elementor-widget elementor-widget-heading\" data-id=\"001a012\" data-element_type=\"widget\" data-widget_type=\"heading.default\">\n\t\t\t\t<div class=\"elementor-widget-container\">\n\t\t\t\t\t<h2 class=\"elementor-heading-title elementor-size-default\">Votre partenaire en irrigation de pr\u00e9cision et performance maximale<\/h2>\t\t\t\t<\/div>\n\t\t\t\t<\/div>\n\t\t\t\t<div class=\"elementor-element elementor-element-f9cf89b elementor-widget elementor-widget-text-editor\" data-id=\"f9cf89b\" data-element_type=\"widget\" data-widget_type=\"text-editor.default\">\n\t\t\t\t<div class=\"elementor-widget-container\">\n\t\t\t\t\t\t\t\t\t<p>Avec un fort accent sur l\u2019assurance qualit\u00e9, nos laboratoires d\u2019essais et de calibration accr\u00e9dit\u00e9s par l\u2019ISO garantissent la pr\u00e9cision et la fiabilit\u00e9 de nos produits.<\/p><p>Nous avons obtenu des certifications selon les normes ISO, y compris\u00a0<strong>OHS (Sant\u00e9 et s\u00e9curit\u00e9 au travail),<\/strong>\u00a0d\u00e9montrant notre engagement envers un environnement de travail s\u00fbr. Les certifications\u00a0<strong>ISO QM (Gestion de la qualit\u00e9) et EMS (Syst\u00e8mes de gestion environnementale)\u00a0<\/strong>soulignent notre engagement \u00e0 l\u2019am\u00e9lioration continue et \u00e0 la r\u00e9duction de notre impact environnemental.<\/p><p>This comprehensive approach guarantees that Elsewedy Watanya delivers exceptional value and dependable solutions to every customer.<\/p>\t\t\t\t\t\t\t\t<\/div>\n\t\t\t\t<\/div>\n\t\t\t\t\t<\/div>\n\t\t<\/div>\n\t\t\t\t\t<\/div>\n\t\t<\/section>\n\t\t\t\t<\/div>","protected":false},"excerpt":{"rendered":"<p>Value Proposition WE ARE\u200b Committed to Extending our Impact Beyond the Products Themselves We empower farmers to achieve greater efficiency and productivity with our industry-leading pivot irrigation systems. Our innovative designs ensure optimal water distribution, minimizing waste and maximizing yield. Our commitment goes beyond the initial investment, we offer comprehensive maintenance services to keep your [&hellip;]<\/p>","protected":false},"author":1,"featured_media":0,"parent":0,"menu_order":0,"comment_status":"closed","ping_status":"closed","template":"","meta":{"_uf_show_specific_survey":0,"_uf_disable_surveys":false,"footnotes":""},"class_list":["post-810","page","type-page","status-publish","hentry"],"_links":{"self":[{"href":"https:\/\/elsewedywatanya.com\/fr\/wp-json\/wp\/v2\/pages\/810","targetHints":{"allow":["GET"]}}],"collection":[{"href":"https:\/\/elsewedywatanya.com\/fr\/wp-json\/wp\/v2\/pages"}],"about":[{"href":"https:\/\/elsewedywatanya.com\/fr\/wp-json\/wp\/v2\/types\/page"}],"author":[{"embeddable":true,"href":"https:\/\/elsewedywatanya.com\/fr\/wp-json\/wp\/v2\/users\/1"}],"replies":[{"embeddable":true,"href":"https:\/\/elsewedywatanya.com\/fr\/wp-json\/wp\/v2\/comments?post=810"}],"version-history":[{"count":20,"href":"https:\/\/elsewedywatanya.com\/fr\/wp-json\/wp\/v2\/pages\/810\/revisions"}],"predecessor-version":[{"id":4927,"href":"https:\/\/elsewedywatanya.com\/fr\/wp-json\/wp\/v2\/pages\/810\/revisions\/4927"}],"wp:attachment":[{"href":"https:\/\/elsewedywatanya.com\/fr\/wp-json\/wp\/v2\/media?parent=810"}],"curies":[{"name":"wp","href":"https:\/\/api.w.org\/{rel}","templated":true}]}}