{"id":5103,"date":"2025-04-09T14:40:01","date_gmt":"2025-04-09T14:40:01","guid":{"rendered":"https:\/\/elsewedywatanya.com\/?page_id=5103"},"modified":"2025-04-15T09:02:31","modified_gmt":"2025-04-15T09:02:31","slug":"angles","status":"publish","type":"page","link":"https:\/\/elsewedywatanya.com\/fr\/angles\/","title":{"rendered":"Angles"},"content":{"rendered":"<div data-elementor-type=\"wp-page\" data-elementor-id=\"5103\" class=\"elementor elementor-5103\">\n\t\t\t\t\t\t<section class=\"elementor-section elementor-top-section elementor-element elementor-element-a424d0d elementor-section-full_width elementor-section-height-default elementor-section-height-default\" data-id=\"a424d0d\" data-element_type=\"section\">\n\t\t\t\t\t\t<div class=\"elementor-container elementor-column-gap-no\">\n\t\t\t\t\t<div class=\"elementor-column elementor-col-100 elementor-top-column elementor-element elementor-element-f5f58bd\" data-id=\"f5f58bd\" data-element_type=\"column\">\n\t\t\t<div class=\"elementor-widget-wrap elementor-element-populated\">\n\t\t\t\t\t\t<div class=\"elementor-element elementor-element-93e9978 elementor-align-left elementor-widget elementor-widget-bdevs-banner-other\" data-id=\"93e9978\" data-element_type=\"widget\" data-widget_type=\"bdevs-banner-other.default\">\n\t\t\t\t<div class=\"elementor-widget-container\">\n\t\t\t\t\t  \r\n<section>\r\n    <div class=\"pages-hero\" style=\"background-image:url(https:\/\/elsewedywatanya.com\/wp-content\/uploads\/2025\/04\/power-lines_cjb-e1744707443257.webp)\">\r\n        <div class=\"container\">\r\n            <div class=\"pages-title\">\r\n            \t                \t            <h1>Angles<\/h1>\r\n\t            \t                        <\/div>\r\n        <\/div>\r\n    <\/div>\r\n<\/section>\r\n\t\t\t\t\t<\/div>\n\t\t\t\t<\/div>\n\t\t\t\t\t<\/div>\n\t\t<\/div>\n\t\t\t\t\t<\/div>\n\t\t<\/section>\n\t\t\t\t<section class=\"elementor-section elementor-top-section elementor-element elementor-element-30d573d elementor-section-content-middle elementor-section-height-min-height elementor-section-boxed elementor-section-height-default elementor-section-items-middle\" data-id=\"30d573d\" data-element_type=\"section\">\n\t\t\t\t\t\t<div class=\"elementor-container elementor-column-gap-default\">\n\t\t\t\t\t<div class=\"elementor-column elementor-col-50 elementor-top-column elementor-element elementor-element-9f9b47c\" data-id=\"9f9b47c\" data-element_type=\"column\">\n\t\t\t<div class=\"elementor-widget-wrap elementor-element-populated\">\n\t\t\t\t\t\t<div class=\"elementor-element elementor-element-fdc16ca elementor-widget elementor-widget-heading\" data-id=\"fdc16ca\" data-element_type=\"widget\" data-widget_type=\"heading.default\">\n\t\t\t\t<div class=\"elementor-widget-container\">\n\t\t\t\t\t<h5 class=\"elementor-heading-title elementor-size-default\">Angles de haute pr\u00e9cision pour les lignes de transmission et les tours de t\u00e9l\u00e9communication<\/h5>\t\t\t\t<\/div>\n\t\t\t\t<\/div>\n\t\t\t\t<div class=\"elementor-element elementor-element-24a8ba8 elementor-widget elementor-widget-heading\" data-id=\"24a8ba8\" data-element_type=\"widget\" data-widget_type=\"heading.default\">\n\t\t\t\t<div class=\"elementor-widget-container\">\n\t\t\t\t\t<h2 class=\"elementor-heading-title elementor-size-default\">Angles en acier<\/h2>\t\t\t\t<\/div>\n\t\t\t\t<\/div>\n\t\t\t\t<div class=\"elementor-element elementor-element-7f50a74 elementor-widget elementor-widget-text-editor\" data-id=\"7f50a74\" data-element_type=\"widget\" data-widget_type=\"text-editor.default\">\n\t\t\t\t<div class=\"elementor-widget-container\">\n\t\t\t\t\t\t\t\t\t<p>Elsewedy Watanya propose des angles en acier fabriqu\u00e9s avec pr\u00e9cision, sp\u00e9cialement con\u00e7us pour les lignes de transmission et les tours de t\u00e9l\u00e9communication.<\/p><p>Fabriqu\u00e9es \u00e0 partir d\u2019un acier de haute qualit\u00e9 et selon des proc\u00e9d\u00e9s de fabrication de pr\u00e9cision, nos corni\u00e8res garantissent une pr\u00e9cision dimensionnelle remarquable, une r\u00e9sistance m\u00e9canique \u00e9lev\u00e9e et une excellente protection contre la corrosion, assurant ainsi une stabilit\u00e9 structurelle m\u00eame dans les conditions les plus extr\u00eames.<\/p><p>Nous comprenons que la fiabilit\u00e9 est essentielle dans les r\u00e9seaux d\u2019\u00e9nergie et de communication.\u00a0<span style=\"color: var(--paragraph-color); font-family: 'Open Sans', sans-serif; font-size: 15px; letter-spacing: 0px;\">C\u2019est pourquoi nos solutions sont con\u00e7ues pour r\u00e9pondre aux normes internationales\u00a0<\/span><span style=\"color: var(--paragraph-color); font-family: 'Open Sans', sans-serif; font-size: 15px; letter-spacing: 0px;\">et s\u2019adapter \u00e0 diff\u00e9rents types de structures.\u00a0<\/span><span style=\"color: var(--paragraph-color); font-family: 'Open Sans', sans-serif; font-size: 15px; letter-spacing: 0px;\">De la fabrication \u00e0 la galvanisation, chaque corni\u00e8re est \u00e9labor\u00e9e pour garantir des performances constantes et une durabilit\u00e9\u00a0<\/span><span style=\"color: var(--paragraph-color); font-family: 'Open Sans', sans-serif; font-size: 15px; letter-spacing: 0px;\">exceptionnelle. Les corni\u00e8res Elsewedy Watanya constituent la base qui assure la continuit\u00e9 de l\u2019\u00e9nergie et la connectivit\u00e9 des r\u00e9seaux\u00a0<\/span><span style=\"color: var(--paragraph-color); font-family: 'Open Sans', sans-serif; font-size: 15px; letter-spacing: 0px;\">\u2014 en toute s\u00e9curit\u00e9,\u00a0<\/span><span style=\"color: var(--paragraph-color); font-family: 'Open Sans', sans-serif; font-size: 15px; letter-spacing: 0px;\">efficacit\u00e9 et sans compromis.<\/span><\/p>\t\t\t\t\t\t\t\t<\/div>\n\t\t\t\t<\/div>\n\t\t\t\t\t<\/div>\n\t\t<\/div>\n\t\t\t\t<div class=\"elementor-column elementor-col-50 elementor-top-column elementor-element elementor-element-26377bd\" data-id=\"26377bd\" data-element_type=\"column\">\n\t\t\t<div class=\"elementor-widget-wrap elementor-element-populated\">\n\t\t\t\t\t\t<div class=\"elementor-element elementor-element-ef90a3c elementor-widget__width-initial elementor-widget elementor-widget-image\" data-id=\"ef90a3c\" data-element_type=\"widget\" data-widget_type=\"image.default\">\n\t\t\t\t<div class=\"elementor-widget-container\">\n\t\t\t\t\t\t\t\t\t\t\t\t\t\t\t<img fetchpriority=\"high\" decoding=\"async\" width=\"900\" height=\"600\" src=\"https:\/\/elsewedywatanya.com\/wp-content\/uploads\/2025\/04\/metal-profile-corner-white-background-3d-illustration_191543-2175.avif\" class=\"attachment-large size-large wp-image-5126\" alt=\"\" srcset=\"https:\/\/elsewedywatanya.com\/wp-content\/uploads\/2025\/04\/metal-profile-corner-white-background-3d-illustration_191543-2175.avif 996w, https:\/\/elsewedywatanya.com\/wp-content\/uploads\/2025\/04\/metal-profile-corner-white-background-3d-illustration_191543-2175-300x200.avif 300w, https:\/\/elsewedywatanya.com\/wp-content\/uploads\/2025\/04\/metal-profile-corner-white-background-3d-illustration_191543-2175-768x512.avif 768w, https:\/\/elsewedywatanya.com\/wp-content\/uploads\/2025\/04\/metal-profile-corner-white-background-3d-illustration_191543-2175-18x12.avif 18w\" sizes=\"(max-width: 900px) 100vw, 900px\" \/>\t\t\t\t\t\t\t\t\t\t\t\t\t\t\t<\/div>\n\t\t\t\t<\/div>\n\t\t\t\t\t<\/div>\n\t\t<\/div>\n\t\t\t\t\t<\/div>\n\t\t<\/section>\n\t\t\t\t<section class=\"elementor-section elementor-top-section elementor-element elementor-element-c7c122d elementor-section-boxed elementor-section-height-default elementor-section-height-default\" data-id=\"c7c122d\" data-element_type=\"section\">\n\t\t\t\t\t\t<div class=\"elementor-container elementor-column-gap-default\">\n\t\t\t\t\t<div class=\"elementor-column elementor-col-100 elementor-top-column elementor-element elementor-element-e50fb5f\" data-id=\"e50fb5f\" data-element_type=\"column\">\n\t\t\t<div class=\"elementor-widget-wrap elementor-element-populated\">\n\t\t\t\t\t\t<div class=\"elementor-element elementor-element-1267eb3 elementor-align-center elementor-widget elementor-widget-button\" data-id=\"1267eb3\" data-element_type=\"widget\" data-widget_type=\"button.default\">\n\t\t\t\t<div class=\"elementor-widget-container\">\n\t\t\t\t\t\t\t\t\t<div class=\"elementor-button-wrapper\">\n\t\t\t\t\t<a class=\"elementor-button elementor-button-link elementor-size-sm\" href=\"https:\/\/elsewedywatanya.com\/contact-us\/\">\n\t\t\t\t\t\t<span class=\"elementor-button-content-wrapper\">\n\t\t\t\t\t\t\t\t\t<span class=\"elementor-button-text\">Contactez-nous<\/span>\n\t\t\t\t\t<\/span>\n\t\t\t\t\t<\/a>\n\t\t\t\t<\/div>\n\t\t\t\t\t\t\t\t<\/div>\n\t\t\t\t<\/div>\n\t\t\t\t\t<\/div>\n\t\t<\/div>\n\t\t\t\t\t<\/div>\n\t\t<\/section>\n\t\t\t\t<\/div>","protected":false},"excerpt":{"rendered":"<p>Angles Precision Angles for Transmission and Telecommunication Infrastructure Structural Angles Elsewedy Watanya delivers expertly manufactured steel angles tailored for power transmission towers and telecommunication infrastructure.Produced using high-grade steel and precision processes, our angles offer exceptional dimensional accuracy, mechanical strength, and resistance to corrosion\u2014ensuring structural integrity in even the harshest environments.We understand that reliability is critical [&hellip;]<\/p>","protected":false},"author":7,"featured_media":0,"parent":0,"menu_order":0,"comment_status":"closed","ping_status":"closed","template":"","meta":{"_uf_show_specific_survey":0,"_uf_disable_surveys":false,"footnotes":""},"class_list":["post-5103","page","type-page","status-publish","hentry"],"_links":{"self":[{"href":"https:\/\/elsewedywatanya.com\/fr\/wp-json\/wp\/v2\/pages\/5103","targetHints":{"allow":["GET"]}}],"collection":[{"href":"https:\/\/elsewedywatanya.com\/fr\/wp-json\/wp\/v2\/pages"}],"about":[{"href":"https:\/\/elsewedywatanya.com\/fr\/wp-json\/wp\/v2\/types\/page"}],"author":[{"embeddable":true,"href":"https:\/\/elsewedywatanya.com\/fr\/wp-json\/wp\/v2\/users\/7"}],"replies":[{"embeddable":true,"href":"https:\/\/elsewedywatanya.com\/fr\/wp-json\/wp\/v2\/comments?post=5103"}],"version-history":[{"count":20,"href":"https:\/\/elsewedywatanya.com\/fr\/wp-json\/wp\/v2\/pages\/5103\/revisions"}],"predecessor-version":[{"id":5146,"href":"https:\/\/elsewedywatanya.com\/fr\/wp-json\/wp\/v2\/pages\/5103\/revisions\/5146"}],"wp:attachment":[{"href":"https:\/\/elsewedywatanya.com\/fr\/wp-json\/wp\/v2\/media?parent=5103"}],"curies":[{"name":"wp","href":"https:\/\/api.w.org\/{rel}","templated":true}]}}