{"id":3875,"date":"2025-03-09T12:42:12","date_gmt":"2025-03-09T12:42:12","guid":{"rendered":"https:\/\/elsewedywatanya.com\/?page_id=3875"},"modified":"2025-03-14T23:20:50","modified_gmt":"2025-03-14T23:20:50","slug":"galvanization-services","status":"publish","type":"page","link":"https:\/\/elsewedywatanya.com\/fr\/galvanization-services\/","title":{"rendered":"Services de galvanisation"},"content":{"rendered":"<div data-elementor-type=\"wp-page\" data-elementor-id=\"3875\" class=\"elementor elementor-3875\">\n\t\t\t\t\t\t<section class=\"elementor-section elementor-top-section elementor-element elementor-element-7ab8b11 elementor-section-full_width elementor-section-height-default elementor-section-height-default\" data-id=\"7ab8b11\" data-element_type=\"section\">\n\t\t\t\t\t\t<div class=\"elementor-container elementor-column-gap-no\">\n\t\t\t\t\t<div class=\"elementor-column elementor-col-100 elementor-top-column elementor-element elementor-element-b1a8836\" data-id=\"b1a8836\" data-element_type=\"column\">\n\t\t\t<div class=\"elementor-widget-wrap elementor-element-populated\">\n\t\t\t\t\t\t<div class=\"elementor-element elementor-element-122b55b elementor-align-left elementor-widget elementor-widget-bdevs-banner-other\" data-id=\"122b55b\" data-element_type=\"widget\" data-widget_type=\"bdevs-banner-other.default\">\n\t\t\t\t<div class=\"elementor-widget-container\">\n\t\t\t\t\t  \r\n<section>\r\n    <div class=\"pages-hero\" style=\"background-image:url(https:\/\/elsewedywatanya.com\/wp-content\/uploads\/2025\/03\/ACT_0228-scaled.jpg)\">\r\n        <div class=\"container\">\r\n            <div class=\"pages-title\">\r\n            \t                \t            <h1>Services de galvanisation<\/h1>\r\n\t            \t                        <\/div>\r\n        <\/div>\r\n    <\/div>\r\n<\/section>\r\n\t\t\t\t\t<\/div>\n\t\t\t\t<\/div>\n\t\t\t\t\t<\/div>\n\t\t<\/div>\n\t\t\t\t\t<\/div>\n\t\t<\/section>\n\t\t\t\t<section class=\"elementor-section elementor-top-section elementor-element elementor-element-1d578d4 elementor-section-boxed elementor-section-height-default elementor-section-height-default\" data-id=\"1d578d4\" data-element_type=\"section\">\n\t\t\t\t\t\t<div class=\"elementor-container elementor-column-gap-default\">\n\t\t\t\t\t<div class=\"elementor-column elementor-col-50 elementor-top-column elementor-element elementor-element-05c2304\" data-id=\"05c2304\" data-element_type=\"column\">\n\t\t\t<div class=\"elementor-widget-wrap elementor-element-populated\">\n\t\t\t\t\t\t<div class=\"elementor-element elementor-element-2b96426 elementor-widget elementor-widget-heading\" data-id=\"2b96426\" data-element_type=\"widget\" data-widget_type=\"heading.default\">\n\t\t\t\t<div class=\"elementor-widget-container\">\n\t\t\t\t\t<h5 class=\"elementor-heading-title elementor-size-default\">B\u00e2tis sur la force<\/h5>\t\t\t\t<\/div>\n\t\t\t\t<\/div>\n\t\t\t\t<div class=\"elementor-element elementor-element-a0f02d1 elementor-widget elementor-widget-heading\" data-id=\"a0f02d1\" data-element_type=\"widget\" data-widget_type=\"heading.default\">\n\t\t\t\t<div class=\"elementor-widget-container\">\n\t\t\t\t\t<h2 class=\"elementor-heading-title elementor-size-default\">Protection ultime pour toutes les structures\u00a0en\u00a0acier<\/h2>\t\t\t\t<\/div>\n\t\t\t\t<\/div>\n\t\t\t\t<div class=\"elementor-element elementor-element-be04ec6 elementor-widget__width-initial elementor-widget elementor-widget-text-editor\" data-id=\"be04ec6\" data-element_type=\"widget\" data-widget_type=\"text-editor.default\">\n\t\t\t\t<div class=\"elementor-widget-container\">\n\t\t\t\t\t\t\t\t\t<p>Chez Elsewedy Watanya, nous nous engageons \u00e0 offrir une protection et une durabilit\u00e9 exceptionnelles gr\u00e2ce \u00e0 nos services de galvanisation de pointe. Notre installation de derni\u00e8re g\u00e9n\u00e9ration, \u00e9quip\u00e9e du plus grand bain de galvanisation d\u2019\u00c9gypte, garantit que chaque structure en acier et chaque composant est trait\u00e9 selon les normes de qualit\u00e9 les\u00a0plus\u00a0strictes.<\/p><p>Nos services vont bien au-del\u00e0 de la galvanisation des tuyaux. Nous sommes sp\u00e9cialis\u00e9s dans la galvanisation d'une large gamme de structures en acier pour divers secteurs industriels, offrant une protection durable contre la corrosion. En exploitant la technologie allemande de pointe et en nous approvisionnant aupr\u00e8s de fournisseurs europ\u00e9ens de confiance, nous offrons une r\u00e9sistance sup\u00e9rieure \u00e0 la corrosion, con\u00e7ue pour supporter les conditions environnementales les plus difficiles. Cette approche garantit une dur\u00e9e de vie prolong\u00e9e pour tous les produits galvanis\u00e9s, en faisant le choix pr\u00e9f\u00e9r\u00e9 des industries exigeant r\u00e9sistance, force\u00a0et\u00a0fiabilit\u00e9.<\/p><p class=\" translation-block\">Avec une capacit\u00e9 de production de 60,000 tonnes par an, soit plus de 5000 tonnes par mois, nous r\u00e9pondons en continu aux exigences de volume \u00e9lev\u00e9es de nos clients. Certifi\u00e9es selon les normes ISO, les services de galvanisation d'Elsewedy Watanya sont un symbole de qualit\u00e9, de fiabilit\u00e9 et de performance, offrant aux industries la solution ultime en termes de durabilit\u00e9 et\u00a0d'excellence.<\/p>\t\t\t\t\t\t\t\t<\/div>\n\t\t\t\t<\/div>\n\t\t\t\t\t<\/div>\n\t\t<\/div>\n\t\t\t\t<div class=\"elementor-column elementor-col-50 elementor-top-column elementor-element elementor-element-c9f015a\" data-id=\"c9f015a\" data-element_type=\"column\">\n\t\t\t<div class=\"elementor-widget-wrap elementor-element-populated\">\n\t\t\t\t\t\t<div class=\"elementor-element elementor-element-323b5e8 elementor-widget__width-initial elementor-widget elementor-widget-image\" data-id=\"323b5e8\" data-element_type=\"widget\" data-widget_type=\"image.default\">\n\t\t\t\t<div class=\"elementor-widget-container\">\n\t\t\t\t\t\t\t\t\t\t\t\t\t\t\t<img fetchpriority=\"high\" decoding=\"async\" width=\"900\" height=\"524\" src=\"https:\/\/elsewedywatanya.com\/wp-content\/uploads\/2025\/03\/ACT_0316-scaled-e1741994401954-1024x596.jpg\" class=\"attachment-large size-large wp-image-3946\" alt=\"\" srcset=\"https:\/\/elsewedywatanya.com\/wp-content\/uploads\/2025\/03\/ACT_0316-scaled-e1741994401954-1024x596.jpg 1024w, https:\/\/elsewedywatanya.com\/wp-content\/uploads\/2025\/03\/ACT_0316-scaled-e1741994401954-300x175.jpg 300w, https:\/\/elsewedywatanya.com\/wp-content\/uploads\/2025\/03\/ACT_0316-scaled-e1741994401954-768x447.jpg 768w, https:\/\/elsewedywatanya.com\/wp-content\/uploads\/2025\/03\/ACT_0316-scaled-e1741994401954-1536x894.jpg 1536w, https:\/\/elsewedywatanya.com\/wp-content\/uploads\/2025\/03\/ACT_0316-scaled-e1741994401954-2048x1192.jpg 2048w, https:\/\/elsewedywatanya.com\/wp-content\/uploads\/2025\/03\/ACT_0316-scaled-e1741994401954-18x10.jpg 18w\" sizes=\"(max-width: 900px) 100vw, 900px\" \/>\t\t\t\t\t\t\t\t\t\t\t\t\t\t\t<\/div>\n\t\t\t\t<\/div>\n\t\t\t\t\t<\/div>\n\t\t<\/div>\n\t\t\t\t\t<\/div>\n\t\t<\/section>\n\t\t\t\t<section class=\"elementor-section elementor-top-section elementor-element elementor-element-b51bfb9 elementor-section-boxed elementor-section-height-default elementor-section-height-default\" data-id=\"b51bfb9\" data-element_type=\"section\">\n\t\t\t\t\t\t<div class=\"elementor-container elementor-column-gap-default\">\n\t\t\t\t\t<div class=\"elementor-column elementor-col-50 elementor-top-column elementor-element elementor-element-827fc93\" data-id=\"827fc93\" data-element_type=\"column\">\n\t\t\t<div class=\"elementor-widget-wrap elementor-element-populated\">\n\t\t\t\t\t\t<div class=\"elementor-element elementor-element-927daf4 elementor-widget__width-initial elementor-widget elementor-widget-image\" data-id=\"927daf4\" data-element_type=\"widget\" data-widget_type=\"image.default\">\n\t\t\t\t<div class=\"elementor-widget-container\">\n\t\t\t\t\t\t\t\t\t\t\t\t\t\t\t<img decoding=\"async\" width=\"2048\" height=\"1008\" src=\"https:\/\/elsewedywatanya.com\/wp-content\/uploads\/2025\/03\/ACT3534-1-scaled-e1741994444453-2048x1008.jpg\" class=\"attachment-2048x2048 size-2048x2048 wp-image-3958\" alt=\"\" srcset=\"https:\/\/elsewedywatanya.com\/wp-content\/uploads\/2025\/03\/ACT3534-1-scaled-e1741994444453-2048x1008.jpg 2048w, https:\/\/elsewedywatanya.com\/wp-content\/uploads\/2025\/03\/ACT3534-1-scaled-e1741994444453-300x148.jpg 300w, https:\/\/elsewedywatanya.com\/wp-content\/uploads\/2025\/03\/ACT3534-1-scaled-e1741994444453-1024x504.jpg 1024w, https:\/\/elsewedywatanya.com\/wp-content\/uploads\/2025\/03\/ACT3534-1-scaled-e1741994444453-768x378.jpg 768w, https:\/\/elsewedywatanya.com\/wp-content\/uploads\/2025\/03\/ACT3534-1-scaled-e1741994444453-1536x756.jpg 1536w, https:\/\/elsewedywatanya.com\/wp-content\/uploads\/2025\/03\/ACT3534-1-scaled-e1741994444453-18x9.jpg 18w\" sizes=\"(max-width: 2048px) 100vw, 2048px\" \/>\t\t\t\t\t\t\t\t\t\t\t\t\t\t\t<\/div>\n\t\t\t\t<\/div>\n\t\t\t\t\t<\/div>\n\t\t<\/div>\n\t\t\t\t<div class=\"elementor-column elementor-col-50 elementor-top-column elementor-element elementor-element-57f87e8\" data-id=\"57f87e8\" data-element_type=\"column\">\n\t\t\t<div class=\"elementor-widget-wrap elementor-element-populated\">\n\t\t\t\t\t\t<div class=\"elementor-element elementor-element-aaa7aed elementor-widget elementor-widget-heading\" data-id=\"aaa7aed\" data-element_type=\"widget\" data-widget_type=\"heading.default\">\n\t\t\t\t<div class=\"elementor-widget-container\">\n\t\t\t\t\t<h5 class=\"elementor-heading-title elementor-size-default\">Services de qualit\u00e9<\/h5>\t\t\t\t<\/div>\n\t\t\t\t<\/div>\n\t\t\t\t<div class=\"elementor-element elementor-element-6a60632 elementor-widget elementor-widget-heading\" data-id=\"6a60632\" data-element_type=\"widget\" data-widget_type=\"heading.default\">\n\t\t\t\t<div class=\"elementor-widget-container\">\n\t\t\t\t\t<h2 class=\"elementor-heading-title elementor-size-default\">L'efficacit\u00e9 \u00e0 chaque \u00e9tape\n<\/h2>\t\t\t\t<\/div>\n\t\t\t\t<\/div>\n\t\t\t\t<div class=\"elementor-element elementor-element-033f938 elementor-widget elementor-widget-text-editor\" data-id=\"033f938\" data-element_type=\"widget\" data-widget_type=\"text-editor.default\">\n\t\t\t\t<div class=\"elementor-widget-container\">\n\t\t\t\t\t\t\t\t\t<p><span style=\"color: var(--paragraph-color); font-family: 'Open Sans', sans-serif; font-size: 15px; letter-spacing: 0px;\">Chez Elsewedy Watanya, nous ne nous contentons pas de galvaniser des tuyaux \u2013 nous offrons des solutions compl\u00e8tes de galvanisation adapt\u00e9es \u00e0 diverses industries. Notre processus repose sur la pr\u00e9cision, la qualit\u00e9 et la durabilit\u00e9, garantissant une protection de longue dur\u00e9e contre\u00a0la\u00a0corrosion.<\/span><\/p><p>Nous galvanisons des tours de t\u00e9l\u00e9communication, des lignes de transmission, des rampes et d'autres infrastructures, offrant une solution fiable et rentable qui renforce la durabilit\u00e9 tout en minimisant les co\u00fbts de maintenance\u00a0\u00e0\u00a0long\u00a0terme.<\/p><p>Gr\u00e2ce \u00e0 des tests rigoureux et un contr\u00f4le qualit\u00e9 strict, nos services de galvanisation garantissent des performances \u00e9lev\u00e9es et une long\u00e9vit\u00e9 exceptionnelles pour les infrastructures p\u00e9troli\u00e8res et gazi\u00e8res, les syst\u00e8mes de distribution d'eau, les usines p\u00e9trochimiques et bien\u00a0plus\u00a0encore.<\/p><p>Avec Elsewedy Watanya, vous b\u00e9n\u00e9ficiez d'une expertise de confiance et de technologies de pointe pour renforcer vos actifs, prolonger leur dur\u00e9e de vie et garantir leur r\u00e9silience dans les environnements les plus exigeants.<\/p>\t\t\t\t\t\t\t\t<\/div>\n\t\t\t\t<\/div>\n\t\t\t\t\t<\/div>\n\t\t<\/div>\n\t\t\t\t\t<\/div>\n\t\t<\/section>\n\t\t\t\t<section class=\"elementor-section elementor-top-section elementor-element elementor-element-6c952de elementor-section-boxed elementor-section-height-default elementor-section-height-default\" data-id=\"6c952de\" data-element_type=\"section\">\n\t\t\t\t\t\t<div class=\"elementor-container elementor-column-gap-default\">\n\t\t\t\t\t<div class=\"elementor-column elementor-col-100 elementor-top-column elementor-element elementor-element-7fc6d98\" data-id=\"7fc6d98\" data-element_type=\"column\">\n\t\t\t<div class=\"elementor-widget-wrap elementor-element-populated\">\n\t\t\t\t\t\t<div class=\"elementor-element elementor-element-4ea5714 elementor-align-center elementor-widget elementor-widget-button\" data-id=\"4ea5714\" data-element_type=\"widget\" data-widget_type=\"button.default\">\n\t\t\t\t<div class=\"elementor-widget-container\">\n\t\t\t\t\t\t\t\t\t<div class=\"elementor-button-wrapper\">\n\t\t\t\t\t<a class=\"elementor-button elementor-button-link elementor-size-sm\" href=\"https:\/\/elsewedywatanya.com\/contact-us\/\">\n\t\t\t\t\t\t<span class=\"elementor-button-content-wrapper\">\n\t\t\t\t\t\t\t\t\t<span class=\"elementor-button-text\">Contactez-nous<\/span>\n\t\t\t\t\t<\/span>\n\t\t\t\t\t<\/a>\n\t\t\t\t<\/div>\n\t\t\t\t\t\t\t\t<\/div>\n\t\t\t\t<\/div>\n\t\t\t\t\t<\/div>\n\t\t<\/div>\n\t\t\t\t\t<\/div>\n\t\t<\/section>\n\t\t\t\t<\/div>","protected":false},"excerpt":{"rendered":"<p>Galvanization Services Built on Strength Ultimate Protection for All Steel Structures At Elsewedy Watanya, we are dedicated to delivering exceptional protection and durability through our advanced galvanization services. Our state-of-the-art facility, equipped with Egypt\u2019s largest galvanizing kettle, ensures that every steel structure and component is treated to the highest standards of quality.Our services extend far [&hellip;]<\/p>","protected":false},"author":7,"featured_media":0,"parent":0,"menu_order":0,"comment_status":"closed","ping_status":"closed","template":"","meta":{"_uf_show_specific_survey":0,"_uf_disable_surveys":false,"footnotes":""},"class_list":["post-3875","page","type-page","status-publish","hentry"],"_links":{"self":[{"href":"https:\/\/elsewedywatanya.com\/fr\/wp-json\/wp\/v2\/pages\/3875","targetHints":{"allow":["GET"]}}],"collection":[{"href":"https:\/\/elsewedywatanya.com\/fr\/wp-json\/wp\/v2\/pages"}],"about":[{"href":"https:\/\/elsewedywatanya.com\/fr\/wp-json\/wp\/v2\/types\/page"}],"author":[{"embeddable":true,"href":"https:\/\/elsewedywatanya.com\/fr\/wp-json\/wp\/v2\/users\/7"}],"replies":[{"embeddable":true,"href":"https:\/\/elsewedywatanya.com\/fr\/wp-json\/wp\/v2\/comments?post=3875"}],"version-history":[{"count":20,"href":"https:\/\/elsewedywatanya.com\/fr\/wp-json\/wp\/v2\/pages\/3875\/revisions"}],"predecessor-version":[{"id":4804,"href":"https:\/\/elsewedywatanya.com\/fr\/wp-json\/wp\/v2\/pages\/3875\/revisions\/4804"}],"wp:attachment":[{"href":"https:\/\/elsewedywatanya.com\/fr\/wp-json\/wp\/v2\/media?parent=3875"}],"curies":[{"name":"wp","href":"https:\/\/api.w.org\/{rel}","templated":true}]}}