{"id":3873,"date":"2025-03-09T12:42:12","date_gmt":"2025-03-09T12:42:12","guid":{"rendered":"https:\/\/elsewedywatanya.com\/?page_id=3873"},"modified":"2025-03-15T00:12:31","modified_gmt":"2025-03-15T00:12:31","slug":"pivots-maintenance","status":"publish","type":"page","link":"https:\/\/elsewedywatanya.com\/fr\/pivots-maintenance\/","title":{"rendered":"Services de maintenance"},"content":{"rendered":"<div data-elementor-type=\"wp-page\" data-elementor-id=\"3873\" class=\"elementor elementor-3873\">\n\t\t\t\t\t\t<section class=\"elementor-section elementor-top-section elementor-element elementor-element-f5ad525 elementor-section-full_width elementor-section-height-default elementor-section-height-default\" data-id=\"f5ad525\" data-element_type=\"section\">\n\t\t\t\t\t\t<div class=\"elementor-container elementor-column-gap-no\">\n\t\t\t\t\t<div class=\"elementor-column elementor-col-100 elementor-top-column elementor-element elementor-element-b96b976\" data-id=\"b96b976\" data-element_type=\"column\">\n\t\t\t<div class=\"elementor-widget-wrap elementor-element-populated\">\n\t\t\t\t\t\t<div class=\"elementor-element elementor-element-1a65aea elementor-align-left elementor-widget elementor-widget-bdevs-banner-other\" data-id=\"1a65aea\" data-element_type=\"widget\" data-widget_type=\"bdevs-banner-other.default\">\n\t\t\t\t<div class=\"elementor-widget-container\">\n\t\t\t\t\t  \r\n<section>\r\n    <div class=\"pages-hero\" style=\"background-image:url(https:\/\/elsewedywatanya.com\/wp-content\/uploads\/2025\/03\/WhatsApp-Image-2025-03-14-at-17.51.57_eeaddf4a-e1741997091720.jpg)\">\r\n        <div class=\"container\">\r\n            <div class=\"pages-title\">\r\n            \t                \t            <h1>Services de maintenance<\/h1>\r\n\t            \t                        <\/div>\r\n        <\/div>\r\n    <\/div>\r\n<\/section>\r\n\t\t\t\t\t<\/div>\n\t\t\t\t<\/div>\n\t\t\t\t\t<\/div>\n\t\t<\/div>\n\t\t\t\t\t<\/div>\n\t\t<\/section>\n\t\t\t\t<section class=\"elementor-section elementor-top-section elementor-element elementor-element-37b07ef elementor-section-boxed elementor-section-height-default elementor-section-height-default\" data-id=\"37b07ef\" data-element_type=\"section\">\n\t\t\t\t\t\t<div class=\"elementor-container elementor-column-gap-default\">\n\t\t\t\t\t<div class=\"elementor-column elementor-col-50 elementor-top-column elementor-element elementor-element-350c911\" data-id=\"350c911\" data-element_type=\"column\">\n\t\t\t<div class=\"elementor-widget-wrap elementor-element-populated\">\n\t\t\t\t\t\t<div class=\"elementor-element elementor-element-0552a00 elementor-widget elementor-widget-heading\" data-id=\"0552a00\" data-element_type=\"widget\" data-widget_type=\"heading.default\">\n\t\t\t\t<div class=\"elementor-widget-container\">\n\t\t\t\t\t<h5 class=\"elementor-heading-title elementor-size-default\">L'Accompagnement ultime<\/h5>\t\t\t\t<\/div>\n\t\t\t\t<\/div>\n\t\t\t\t<div class=\"elementor-element elementor-element-7491648 elementor-widget elementor-widget-heading\" data-id=\"7491648\" data-element_type=\"widget\" data-widget_type=\"heading.default\">\n\t\t\t\t<div class=\"elementor-widget-container\">\n\t\t\t\t\t<h2 class=\"elementor-heading-title elementor-size-default\">Services avant-vente<\/h2>\t\t\t\t<\/div>\n\t\t\t\t<\/div>\n\t\t\t\t<div class=\"elementor-element elementor-element-d3fc8d4 elementor-widget__width-initial elementor-widget elementor-widget-text-editor\" data-id=\"d3fc8d4\" data-element_type=\"widget\" data-widget_type=\"text-editor.default\">\n\t\t\t\t<div class=\"elementor-widget-container\">\n\t\t\t\t\t\t\t\t\t<p>Nos services avant-vente sont con\u00e7us pour garantir que votre syst\u00e8me d\u2019irrigation soit parfaitement adapt\u00e9 \u00e0 vos besoins. De la consultation initiale \u00e0 la formation sp\u00e9cialis\u00e9e, nous offrons un soutien continu pour assurer une mise en \u0153uvre fluide et une efficacit\u00e9 optimale sur le long terme.<\/p><p><strong>Consultation &amp; Conception:<\/strong>\u00a0<span style=\"color: var(--paragraph-color); font-family: 'Open Sans', sans-serif; font-size: 15px; letter-spacing: 0px;\">Notre \u00e9quipe d'experts effectue des \u00e9valuations approfondies de votre site pour garantir la conception et la configuration optimales de votre syst\u00e8me d'irrigation. Nous vous apportons un soutien technique personnalis\u00e9 afin d\u2019adapter le syst\u00e8me aux besoins agricoles sp\u00e9cifiques, assurant ainsi une efficacit\u00e9 maximale et une durabilit\u00e9\u00a0\u00e0\u00a0long\u00a0terme.<\/span><\/p><p><strong>Orientation technique et formation client:<\/strong>\u00a0<span style=\"color: var(--paragraph-color); font-family: 'Open Sans', sans-serif; font-size: 15px; letter-spacing: 0px;\">Nous sommes convaincus que le succ\u00e8s de votre syst\u00e8me r\u00e9side dans la comp\u00e9tence de ceux qui l\u2019utilisent. C\u2019est pourquoi nous proposons une formation compl\u00e8te pour votre \u00e9quipe, couvrant tous les aspects de l\u2019exploitation et de la maintenance du syst\u00e8me. Notre objectif est de vous transmettre les connaissances et les comp\u00e9tences n\u00e9cessaires pour maximiser la performance de votre syst\u00e8me d'irrigation, assurant ainsi un succ\u00e8s durable et un retour sur investissement\u00a0\u00e9lev\u00e9.<\/span><\/p>\t\t\t\t\t\t\t\t<\/div>\n\t\t\t\t<\/div>\n\t\t\t\t\t<\/div>\n\t\t<\/div>\n\t\t\t\t<div class=\"elementor-column elementor-col-50 elementor-top-column elementor-element elementor-element-eb96049\" data-id=\"eb96049\" data-element_type=\"column\">\n\t\t\t<div class=\"elementor-widget-wrap elementor-element-populated\">\n\t\t\t\t\t\t<div class=\"elementor-element elementor-element-2851ae2 elementor-widget__width-initial elementor-widget elementor-widget-image\" data-id=\"2851ae2\" data-element_type=\"widget\" data-widget_type=\"image.default\">\n\t\t\t\t<div class=\"elementor-widget-container\">\n\t\t\t\t\t\t\t\t\t\t\t\t\t\t\t<img fetchpriority=\"high\" decoding=\"async\" width=\"900\" height=\"506\" src=\"https:\/\/elsewedywatanya.com\/wp-content\/uploads\/2025\/03\/Pivots-8.jpeg\" class=\"attachment-large size-large wp-image-4188\" alt=\"\" srcset=\"https:\/\/elsewedywatanya.com\/wp-content\/uploads\/2025\/03\/Pivots-8.jpeg 960w, https:\/\/elsewedywatanya.com\/wp-content\/uploads\/2025\/03\/Pivots-8-300x169.jpeg 300w, https:\/\/elsewedywatanya.com\/wp-content\/uploads\/2025\/03\/Pivots-8-768x432.jpeg 768w, https:\/\/elsewedywatanya.com\/wp-content\/uploads\/2025\/03\/Pivots-8-18x10.jpeg 18w\" sizes=\"(max-width: 900px) 100vw, 900px\" \/>\t\t\t\t\t\t\t\t\t\t\t\t\t\t\t<\/div>\n\t\t\t\t<\/div>\n\t\t\t\t\t<\/div>\n\t\t<\/div>\n\t\t\t\t\t<\/div>\n\t\t<\/section>\n\t\t\t\t<section class=\"elementor-section elementor-top-section elementor-element elementor-element-1329c62 elementor-section-boxed elementor-section-height-default elementor-section-height-default\" data-id=\"1329c62\" data-element_type=\"section\">\n\t\t\t\t\t\t<div class=\"elementor-container elementor-column-gap-default\">\n\t\t\t\t\t<div class=\"elementor-column elementor-col-50 elementor-top-column elementor-element elementor-element-416ec0f\" data-id=\"416ec0f\" data-element_type=\"column\">\n\t\t\t<div class=\"elementor-widget-wrap elementor-element-populated\">\n\t\t\t\t\t\t<div class=\"elementor-element elementor-element-63ef0c6 elementor-widget elementor-widget-heading\" data-id=\"63ef0c6\" data-element_type=\"widget\" data-widget_type=\"heading.default\">\n\t\t\t\t<div class=\"elementor-widget-container\">\n\t\t\t\t\t<h5 class=\"elementor-heading-title elementor-size-default\">Un soutien continu<\/h5>\t\t\t\t<\/div>\n\t\t\t\t<\/div>\n\t\t\t\t<div class=\"elementor-element elementor-element-24d50e0 elementor-widget elementor-widget-heading\" data-id=\"24d50e0\" data-element_type=\"widget\" data-widget_type=\"heading.default\">\n\t\t\t\t<div class=\"elementor-widget-container\">\n\t\t\t\t\t<h2 class=\"elementor-heading-title elementor-size-default\">Services apr\u00e8s-vente<\/h2>\t\t\t\t<\/div>\n\t\t\t\t<\/div>\n\t\t\t\t<div class=\"elementor-element elementor-element-067a0e8 elementor-widget__width-initial elementor-widget elementor-widget-text-editor\" data-id=\"067a0e8\" data-element_type=\"widget\" data-widget_type=\"text-editor.default\">\n\t\t\t\t<div class=\"elementor-widget-container\">\n\t\t\t\t\t\t\t\t\t<p><strong>Installation et maintenance:<\/strong>\u00a0Nos ing\u00e9nieurs qualifi\u00e9s sont disponibles 24\/7 pour assurer une installation fluide et une mise en service rapide, en prenant en compte vos besoins. Nous offrons \u00e9galement un service de maintenance 24\/7 pour r\u00e9soudre toute probl\u00e9matique rapidement et garantir un fonctionnement optimal\u00a0du\u00a0syst\u00e8me.\u00a0<span style=\"color: var(--paragraph-color); font-family: 'Open Sans', sans-serif; font-size: 15px; letter-spacing: 0px;\">We offer 24\/7 maintenance support to address any issues promptly and keep your system operating at peak efficiency.<\/span><\/p><p><strong>Un soutien continu<\/strong>\u00a0Notre \u00e9quipe est toujours \u00e0 votre disposition pour r\u00e9soudre toute difficult\u00e9 technique et garantir que votre syst\u00e8me fonctionne de mani\u00e8re optimale sur le long-terme.<\/p><p><strong>Service de Garantie:\u00a0<\/strong><span style=\"color: var(--paragraph-color); font-family: 'Open Sans', sans-serif; font-size: 15px; letter-spacing: 0px;\">Nous offrons une garantie compl\u00e8te d'un an sur nos produits, vous assurant ainsi tranquillit\u00e9 d'esprit et fiabilit\u00e9 \u00e0 long terme pour votre investissement.<\/span><\/p><p><span style=\"color: var(--paragraph-color); font-family: 'Open Sans', sans-serif; font-size: 15px; letter-spacing: 0px;\"><b>Pi\u00e8ces d\u00e9tach\u00e9es:\u00a0<\/b>\u00a0<\/span>Des pi\u00e8ces d\u00e9tach\u00e9es de nos syst\u00e8mes DELTA sont disponibles \u00e0 tout moment.<\/p><p>Des pi\u00e8ces de rechange compatibles avec toutes les autres marques de pivots sont \u00e9galement disponibles, garantissant un remplacement rapide et efficace \u00e0 tout\u00a0moment.<\/p>\t\t\t\t\t\t\t\t<\/div>\n\t\t\t\t<\/div>\n\t\t\t\t\t<\/div>\n\t\t<\/div>\n\t\t\t\t<div class=\"elementor-column elementor-col-50 elementor-top-column elementor-element elementor-element-7a615ab\" data-id=\"7a615ab\" data-element_type=\"column\">\n\t\t\t<div class=\"elementor-widget-wrap elementor-element-populated\">\n\t\t\t\t\t\t<div class=\"elementor-element elementor-element-c9542d6 elementor-widget__width-initial elementor-widget elementor-widget-image\" data-id=\"c9542d6\" data-element_type=\"widget\" data-widget_type=\"image.default\">\n\t\t\t\t<div class=\"elementor-widget-container\">\n\t\t\t\t\t\t\t\t\t\t\t\t\t\t\t<img decoding=\"async\" width=\"900\" height=\"563\" src=\"https:\/\/elsewedywatanya.com\/wp-content\/uploads\/2025\/03\/WhatsApp-Image-2025-03-15-at-01.36.02_e72c8f74-e1741997207931-1024x640.jpg\" class=\"attachment-large size-large wp-image-4806\" alt=\"\" srcset=\"https:\/\/elsewedywatanya.com\/wp-content\/uploads\/2025\/03\/WhatsApp-Image-2025-03-15-at-01.36.02_e72c8f74-e1741997207931-1024x640.jpg 1024w, https:\/\/elsewedywatanya.com\/wp-content\/uploads\/2025\/03\/WhatsApp-Image-2025-03-15-at-01.36.02_e72c8f74-e1741997207931-300x188.jpg 300w, https:\/\/elsewedywatanya.com\/wp-content\/uploads\/2025\/03\/WhatsApp-Image-2025-03-15-at-01.36.02_e72c8f74-e1741997207931-768x480.jpg 768w, https:\/\/elsewedywatanya.com\/wp-content\/uploads\/2025\/03\/WhatsApp-Image-2025-03-15-at-01.36.02_e72c8f74-e1741997207931-18x12.jpg 18w, https:\/\/elsewedywatanya.com\/wp-content\/uploads\/2025\/03\/WhatsApp-Image-2025-03-15-at-01.36.02_e72c8f74-e1741997207931.jpg 1280w\" sizes=\"(max-width: 900px) 100vw, 900px\" \/>\t\t\t\t\t\t\t\t\t\t\t\t\t\t\t<\/div>\n\t\t\t\t<\/div>\n\t\t\t\t\t<\/div>\n\t\t<\/div>\n\t\t\t\t\t<\/div>\n\t\t<\/section>\n\t\t\t\t<section class=\"elementor-section elementor-top-section elementor-element elementor-element-d0df859 elementor-section-boxed elementor-section-height-default elementor-section-height-default\" data-id=\"d0df859\" data-element_type=\"section\">\n\t\t\t\t\t\t<div class=\"elementor-container elementor-column-gap-default\">\n\t\t\t\t\t<div class=\"elementor-column elementor-col-100 elementor-top-column elementor-element elementor-element-bbb810a\" data-id=\"bbb810a\" data-element_type=\"column\">\n\t\t\t<div class=\"elementor-widget-wrap elementor-element-populated\">\n\t\t\t\t\t\t<div class=\"elementor-element elementor-element-e2d4d53 elementor-align-center elementor-widget elementor-widget-button\" data-id=\"e2d4d53\" data-element_type=\"widget\" data-widget_type=\"button.default\">\n\t\t\t\t<div class=\"elementor-widget-container\">\n\t\t\t\t\t\t\t\t\t<div class=\"elementor-button-wrapper\">\n\t\t\t\t\t<a class=\"elementor-button elementor-button-link elementor-size-sm\" href=\"https:\/\/elsewedywatanya.com\/contact-us\/\">\n\t\t\t\t\t\t<span class=\"elementor-button-content-wrapper\">\n\t\t\t\t\t\t\t\t\t<span class=\"elementor-button-text\">Contactez-nous<\/span>\n\t\t\t\t\t<\/span>\n\t\t\t\t\t<\/a>\n\t\t\t\t<\/div>\n\t\t\t\t\t\t\t\t<\/div>\n\t\t\t\t<\/div>\n\t\t\t\t\t<\/div>\n\t\t<\/div>\n\t\t\t\t\t<\/div>\n\t\t<\/section>\n\t\t\t\t<\/div>","protected":false},"excerpt":{"rendered":"<p>Pivots Maintenance Ultimate Guidance Pre-sales Services Our pre-sales services are crafted to guarantee that your irrigation system is tailored precisely to your needs. From initial consultations to expert training, we offer the guidance and ongoing support required for a seamless implementation and long-term, efficient operation.Consultation &amp; Design:\u00a0Our team of experts conducts thorough site evaluations, ensuring [&hellip;]<\/p>","protected":false},"author":7,"featured_media":0,"parent":0,"menu_order":0,"comment_status":"closed","ping_status":"closed","template":"","meta":{"_uf_show_specific_survey":0,"_uf_disable_surveys":false,"footnotes":""},"class_list":["post-3873","page","type-page","status-publish","hentry"],"_links":{"self":[{"href":"https:\/\/elsewedywatanya.com\/fr\/wp-json\/wp\/v2\/pages\/3873","targetHints":{"allow":["GET"]}}],"collection":[{"href":"https:\/\/elsewedywatanya.com\/fr\/wp-json\/wp\/v2\/pages"}],"about":[{"href":"https:\/\/elsewedywatanya.com\/fr\/wp-json\/wp\/v2\/types\/page"}],"author":[{"embeddable":true,"href":"https:\/\/elsewedywatanya.com\/fr\/wp-json\/wp\/v2\/users\/7"}],"replies":[{"embeddable":true,"href":"https:\/\/elsewedywatanya.com\/fr\/wp-json\/wp\/v2\/comments?post=3873"}],"version-history":[{"count":20,"href":"https:\/\/elsewedywatanya.com\/fr\/wp-json\/wp\/v2\/pages\/3873\/revisions"}],"predecessor-version":[{"id":4830,"href":"https:\/\/elsewedywatanya.com\/fr\/wp-json\/wp\/v2\/pages\/3873\/revisions\/4830"}],"wp:attachment":[{"href":"https:\/\/elsewedywatanya.com\/fr\/wp-json\/wp\/v2\/media?parent=3873"}],"curies":[{"name":"wp","href":"https:\/\/api.w.org\/{rel}","templated":true}]}}