{"id":3857,"date":"2025-03-09T12:35:00","date_gmt":"2025-03-09T12:35:00","guid":{"rendered":"https:\/\/elsewedywatanya.com\/?page_id=3857"},"modified":"2025-05-14T11:21:13","modified_gmt":"2025-05-14T11:21:13","slug":"pipes","status":"publish","type":"page","link":"https:\/\/elsewedywatanya.com\/fr\/pipes\/","title":{"rendered":"Pipes"},"content":{"rendered":"<div data-elementor-type=\"wp-page\" data-elementor-id=\"3857\" class=\"elementor elementor-3857\">\n\t\t\t\t\t\t<section class=\"elementor-section elementor-top-section elementor-element elementor-element-2bb6599 elementor-section-full_width elementor-section-height-default elementor-section-height-default\" data-id=\"2bb6599\" data-element_type=\"section\">\n\t\t\t\t\t\t<div class=\"elementor-container elementor-column-gap-no\">\n\t\t\t\t\t<div class=\"elementor-column elementor-col-100 elementor-top-column elementor-element elementor-element-5776307\" data-id=\"5776307\" data-element_type=\"column\">\n\t\t\t<div class=\"elementor-widget-wrap elementor-element-populated\">\n\t\t\t\t\t\t<div class=\"elementor-element elementor-element-9556e1d elementor-align-left elementor-widget elementor-widget-bdevs-banner-other\" data-id=\"9556e1d\" data-element_type=\"widget\" data-widget_type=\"bdevs-banner-other.default\">\n\t\t\t\t<div class=\"elementor-widget-container\">\n\t\t\t\t\t  \r\n<section>\r\n    <div class=\"pages-hero\" style=\"background-image:url(https:\/\/elsewedywatanya.com\/wp-content\/uploads\/2025\/03\/Page-2.jpeg)\">\r\n        <div class=\"container\">\r\n            <div class=\"pages-title\">\r\n            \t                \t            <h1>Tuyaux ERW<\/h1>\r\n\t            \t                        <\/div>\r\n        <\/div>\r\n    <\/div>\r\n<\/section>\r\n\t\t\t\t\t<\/div>\n\t\t\t\t<\/div>\n\t\t\t\t\t<\/div>\n\t\t<\/div>\n\t\t\t\t\t<\/div>\n\t\t<\/section>\n\t\t\t\t<section class=\"elementor-section elementor-top-section elementor-element elementor-element-0eeba2a elementor-section-content-middle elementor-section-height-min-height elementor-section-boxed elementor-section-height-default elementor-section-items-middle\" data-id=\"0eeba2a\" data-element_type=\"section\">\n\t\t\t\t\t\t<div class=\"elementor-container elementor-column-gap-default\">\n\t\t\t\t\t<div class=\"elementor-column elementor-col-50 elementor-top-column elementor-element elementor-element-715b0b1\" data-id=\"715b0b1\" data-element_type=\"column\">\n\t\t\t<div class=\"elementor-widget-wrap elementor-element-populated\">\n\t\t\t\t\t\t<div class=\"elementor-element elementor-element-3b12e48 elementor-widget elementor-widget-heading\" data-id=\"3b12e48\" data-element_type=\"widget\" data-widget_type=\"heading.default\">\n\t\t\t\t<div class=\"elementor-widget-container\">\n\t\t\t\t\t<h5 class=\"elementor-heading-title elementor-size-default\">Tuyaux ERW<\/h5>\t\t\t\t<\/div>\n\t\t\t\t<\/div>\n\t\t\t\t<div class=\"elementor-element elementor-element-26152ad elementor-widget elementor-widget-heading\" data-id=\"26152ad\" data-element_type=\"widget\" data-widget_type=\"heading.default\">\n\t\t\t\t<div class=\"elementor-widget-container\">\n\t\t\t\t\t<h2 class=\"elementor-heading-title elementor-size-default\">Con\u00e7us pour performancer, con\u00e7us\u00a0pour\u00a0durer<\/h2>\t\t\t\t<\/div>\n\t\t\t\t<\/div>\n\t\t\t\t<div class=\"elementor-element elementor-element-e6a1c1f elementor-widget elementor-widget-text-editor\" data-id=\"e6a1c1f\" data-element_type=\"widget\" data-widget_type=\"text-editor.default\">\n\t\t\t\t<div class=\"elementor-widget-container\">\n\t\t\t\t\t\t\t\t\t<p><span style=\"color: var(--paragraph-color); font-family: 'Open Sans', sans-serif; font-size: 15px; letter-spacing: 0px;\">Nos tuyaux sont sp\u00e9cifiquement con\u00e7us pour offrir une performance et une durabilit\u00e9 exceptionnelles dans une large gamme d\u2019applications telles que les syst\u00e8mes d'irrigation pivot, les syst\u00e8mes de lutte contre les incendies, et les conduites d\u2019eau. Fabriqu\u00e9s en acier haute r\u00e9sistance et recouverts de galvanisation \u00e0 chaud, ils garantissent une r\u00e9sistance sup\u00e9rieure \u00e0 la corrosion, \u00e0 l\u2019abrasion et aux contraintes m\u00e9caniques. Disponibles en diam\u00e8tres personnalis\u00e9s (4, 5, 6, 8 pouces) et coup\u00e9s \u00e0 la longueur souhait\u00e9e, nos tuyaux s'adaptent parfaitement aux secteurs de l'irrigation, du traitement des eaux us\u00e9es, et\u00a0de\u00a0l'industrie.<\/span><\/p>\t\t\t\t\t\t\t\t<\/div>\n\t\t\t\t<\/div>\n\t\t\t\t<div class=\"elementor-element elementor-element-5b2dc13 elementor-widget elementor-widget-heading\" data-id=\"5b2dc13\" data-element_type=\"widget\" data-widget_type=\"heading.default\">\n\t\t\t\t<div class=\"elementor-widget-container\">\n\t\t\t\t\t<h4 class=\"elementor-heading-title elementor-size-default\">Solidit\u00e9 assur\u00e9e \u00e0 chaque unit\u00e9<\/h4>\t\t\t\t<\/div>\n\t\t\t\t<\/div>\n\t\t\t\t<div class=\"elementor-element elementor-element-1e10a94 elementor-widget elementor-widget-text-editor\" data-id=\"1e10a94\" data-element_type=\"widget\" data-widget_type=\"text-editor.default\">\n\t\t\t\t<div class=\"elementor-widget-container\">\n\t\t\t\t\t\t\t\t\t<p>Nos tuyaux subissent des tests de pression rigoureux pour s\u2019assurer qu\u2019ils r\u00e9sistent aux conditions les plus extr\u00eames. Gr\u00e2ce \u00e0 leurs raccords auto-verrouillants, ils offrent des connexions s\u00e9curis\u00e9es et sans fuites, et s\u2019int\u00e8grent parfaitement aux syst\u00e8mes d\u2019irrigation tels que le\u00a0Delta\u00a0SN-100.<\/p><p>Nous offrons une garantie d\u2019un an sur tous nos tuyaux, assurant une performance durable et une maintenance r\u00e9duite. Nous nous engageons \u00e0 fournir des solutions fiables et robustes pour les besoins de vos projets les\u00a0plus\u00a0exigeants.<\/p>\t\t\t\t\t\t\t\t<\/div>\n\t\t\t\t<\/div>\n\t\t\t\t\t<\/div>\n\t\t<\/div>\n\t\t\t\t<div class=\"elementor-column elementor-col-50 elementor-top-column elementor-element elementor-element-16db98a\" data-id=\"16db98a\" data-element_type=\"column\">\n\t\t\t<div class=\"elementor-widget-wrap elementor-element-populated\">\n\t\t\t\t\t\t<div class=\"elementor-element elementor-element-d57403b elementor-widget elementor-widget-image\" data-id=\"d57403b\" data-element_type=\"widget\" data-widget_type=\"image.default\">\n\t\t\t\t<div class=\"elementor-widget-container\">\n\t\t\t\t\t\t\t\t\t\t\t\t\t\t\t<img fetchpriority=\"high\" decoding=\"async\" width=\"500\" height=\"334\" src=\"https:\/\/elsewedywatanya.com\/wp-content\/uploads\/2025\/03\/4inch-mild-steel-round-pipe-500x500-1.webp\" class=\"attachment-large size-large wp-image-4082\" alt=\"\" srcset=\"https:\/\/elsewedywatanya.com\/wp-content\/uploads\/2025\/03\/4inch-mild-steel-round-pipe-500x500-1.webp 500w, https:\/\/elsewedywatanya.com\/wp-content\/uploads\/2025\/03\/4inch-mild-steel-round-pipe-500x500-1-300x200.webp 300w, https:\/\/elsewedywatanya.com\/wp-content\/uploads\/2025\/03\/4inch-mild-steel-round-pipe-500x500-1-18x12.webp 18w\" sizes=\"(max-width: 500px) 100vw, 500px\" \/>\t\t\t\t\t\t\t\t\t\t\t\t\t\t\t<\/div>\n\t\t\t\t<\/div>\n\t\t\t\t\t<\/div>\n\t\t<\/div>\n\t\t\t\t\t<\/div>\n\t\t<\/section>\n\t\t\t\t<section class=\"elementor-section elementor-top-section elementor-element elementor-element-f812c16 elementor-section-boxed elementor-section-height-default elementor-section-height-default\" data-id=\"f812c16\" data-element_type=\"section\">\n\t\t\t\t\t\t<div class=\"elementor-container elementor-column-gap-default\">\n\t\t\t\t\t<div class=\"elementor-column elementor-col-100 elementor-top-column elementor-element elementor-element-2f8b388\" data-id=\"2f8b388\" data-element_type=\"column\">\n\t\t\t<div class=\"elementor-widget-wrap elementor-element-populated\">\n\t\t\t\t\t\t<div class=\"elementor-element elementor-element-77f9687 elementor-align-center elementor-widget elementor-widget-button\" data-id=\"77f9687\" data-element_type=\"widget\" data-widget_type=\"button.default\">\n\t\t\t\t<div class=\"elementor-widget-container\">\n\t\t\t\t\t\t\t\t\t<div class=\"elementor-button-wrapper\">\n\t\t\t\t\t<a class=\"elementor-button elementor-button-link elementor-size-sm elementor-animation-hang\" href=\"\/en\/contact-us\" target=\"_blank\">\n\t\t\t\t\t\t<span class=\"elementor-button-content-wrapper\">\n\t\t\t\t\t\t\t\t\t<span class=\"elementor-button-text\">Demander un devis<\/span>\n\t\t\t\t\t<\/span>\n\t\t\t\t\t<\/a>\n\t\t\t\t<\/div>\n\t\t\t\t\t\t\t\t<\/div>\n\t\t\t\t<\/div>\n\t\t\t\t\t<\/div>\n\t\t<\/div>\n\t\t\t\t\t<\/div>\n\t\t<\/section>\n\t\t\t\t<\/div>","protected":false},"excerpt":{"rendered":"<p>ERW PIPES ERW Pipes Build to Perform, Build to Last Our pipes are designed for durability and performance across various applications, including pivot irrigation, firefighting systems, and waterlines. Made from high-strength steel and coated with hot-dip galvanization, they offer exceptional resistance to corrosion, abrasion, and mechanical stress. Available in customizable diameters (4, 5, 6, and [&hellip;]<\/p>","protected":false},"author":7,"featured_media":0,"parent":0,"menu_order":0,"comment_status":"closed","ping_status":"closed","template":"","meta":{"_uf_show_specific_survey":0,"_uf_disable_surveys":false,"footnotes":""},"class_list":["post-3857","page","type-page","status-publish","hentry"],"_links":{"self":[{"href":"https:\/\/elsewedywatanya.com\/fr\/wp-json\/wp\/v2\/pages\/3857","targetHints":{"allow":["GET"]}}],"collection":[{"href":"https:\/\/elsewedywatanya.com\/fr\/wp-json\/wp\/v2\/pages"}],"about":[{"href":"https:\/\/elsewedywatanya.com\/fr\/wp-json\/wp\/v2\/types\/page"}],"author":[{"embeddable":true,"href":"https:\/\/elsewedywatanya.com\/fr\/wp-json\/wp\/v2\/users\/7"}],"replies":[{"embeddable":true,"href":"https:\/\/elsewedywatanya.com\/fr\/wp-json\/wp\/v2\/comments?post=3857"}],"version-history":[{"count":20,"href":"https:\/\/elsewedywatanya.com\/fr\/wp-json\/wp\/v2\/pages\/3857\/revisions"}],"predecessor-version":[{"id":5217,"href":"https:\/\/elsewedywatanya.com\/fr\/wp-json\/wp\/v2\/pages\/3857\/revisions\/5217"}],"wp:attachment":[{"href":"https:\/\/elsewedywatanya.com\/fr\/wp-json\/wp\/v2\/media?parent=3857"}],"curies":[{"name":"wp","href":"https:\/\/api.w.org\/{rel}","templated":true}]}}