{"id":3802,"date":"2025-03-09T11:55:13","date_gmt":"2025-03-09T11:55:13","guid":{"rendered":"https:\/\/elsewedywatanya.com\/?page_id=3802"},"modified":"2025-03-11T09:52:24","modified_gmt":"2025-03-11T09:52:24","slug":"elsewedy-watanya-factory","status":"publish","type":"page","link":"https:\/\/elsewedywatanya.com\/fr\/elsewedy-watanya-factory\/","title":{"rendered":"Elsewedy Watanya Factory"},"content":{"rendered":"<div data-elementor-type=\"wp-page\" data-elementor-id=\"3802\" class=\"elementor elementor-3802\">\n\t\t\t\t\t\t<section class=\"elementor-section elementor-top-section elementor-element elementor-element-2e4d5d7 elementor-section-full_width elementor-section-height-default elementor-section-height-default\" data-id=\"2e4d5d7\" data-element_type=\"section\">\n\t\t\t\t\t\t<div class=\"elementor-container elementor-column-gap-no\">\n\t\t\t\t\t<div class=\"elementor-column elementor-col-100 elementor-top-column elementor-element elementor-element-d508d35\" data-id=\"d508d35\" data-element_type=\"column\">\n\t\t\t<div class=\"elementor-widget-wrap elementor-element-populated\">\n\t\t\t\t\t\t<div class=\"elementor-element elementor-element-18a0dfc elementor-align-left elementor-widget elementor-widget-bdevs-banner-other\" data-id=\"18a0dfc\" data-element_type=\"widget\" data-widget_type=\"bdevs-banner-other.default\">\n\t\t\t\t<div class=\"elementor-widget-container\">\n\t\t\t\t\t  \r\n<section>\r\n    <div class=\"pages-hero\" style=\"background-image:url(https:\/\/elsewedywatanya.com\/wp-content\/uploads\/2024\/06\/Sequence-01.00_13_16_40.Still021-scaled.jpg)\">\r\n        <div class=\"container\">\r\n            <div class=\"pages-title\">\r\n            \t                \t            <h1>Our Factory<\/h1>\r\n\t            \t                        <\/div>\r\n        <\/div>\r\n    <\/div>\r\n<\/section>\r\n\t\t\t\t\t<\/div>\n\t\t\t\t<\/div>\n\t\t\t\t\t<\/div>\n\t\t<\/div>\n\t\t\t\t\t<\/div>\n\t\t<\/section>\n\t\t\t\t<section class=\"elementor-section elementor-top-section elementor-element elementor-element-36cdb47 elementor-section-full_width elementor-section-height-default elementor-section-height-default\" data-id=\"36cdb47\" data-element_type=\"section\">\n\t\t\t\t\t\t<div class=\"elementor-container elementor-column-gap-no\">\n\t\t\t\t\t<div class=\"elementor-column elementor-col-100 elementor-top-column elementor-element elementor-element-819abd4\" data-id=\"819abd4\" data-element_type=\"column\">\n\t\t\t<div class=\"elementor-widget-wrap elementor-element-populated\">\n\t\t\t\t\t\t<section class=\"elementor-section elementor-inner-section elementor-element elementor-element-d5b81ec elementor-section-boxed elementor-section-height-default elementor-section-height-default\" data-id=\"d5b81ec\" data-element_type=\"section\">\n\t\t\t\t\t\t<div class=\"elementor-container elementor-column-gap-default\">\n\t\t\t\t\t<div class=\"elementor-column elementor-col-100 elementor-inner-column elementor-element elementor-element-4b8da43\" data-id=\"4b8da43\" data-element_type=\"column\">\n\t\t\t<div class=\"elementor-widget-wrap elementor-element-populated\">\n\t\t\t\t\t\t<div class=\"elementor-element elementor-element-87199c3 elementor-widget elementor-widget-heading\" data-id=\"87199c3\" data-element_type=\"widget\" data-widget_type=\"heading.default\">\n\t\t\t\t<div class=\"elementor-widget-container\">\n\t\t\t\t\t<h2 class=\"elementor-heading-title elementor-size-default\"><span style=\"font-weight: 700;font-style: normal;font-size: 15px;, sans-serif;text-align: justify\">Emplacement Strat\u00e9gique pour une Distribution\u00a0Efficace&nbsp;<\/span><\/h2>\t\t\t\t<\/div>\n\t\t\t\t<\/div>\n\t\t\t\t<div class=\"elementor-element elementor-element-cfd0f00 elementor-widget elementor-widget-text-editor\" data-id=\"cfd0f00\" data-element_type=\"widget\" data-widget_type=\"text-editor.default\">\n\t\t\t\t<div class=\"elementor-widget-container\">\n\t\t\t\t\t\t\t\t\t<p>\u00a0<\/p><p class=\"MsoNormal\">Notre usine moderne, d\u2019une superficie de 240 000 m\u00e8tres carr\u00e9s, produit plus de 2 400 syst\u00e8mes d\u2019irrigation pivot avanc\u00e9s chaque ann\u00e9e, contribuant ainsi \u00e0 la cr\u00e9ation d\u2019emplois et \u00e0 la stimulation de l\u2019\u00e9conomie locale. L\u2019usine est situ\u00e9e \u00e0 Ain Sokhna, \u00e0 proximit\u00e9 strat\u00e9gique des ports de Sokhna et d\u2019Adabiya, garantissant une fourniture fiable et une distribution efficace vers les march\u00e9s locaux et internationaux. Cela contribue \u00e0 r\u00e9duire la d\u00e9pendance aux importations et soutient la croissance agricole. En mettant l\u2019accent sur des solutions d\u2019irrigation de haute qualit\u00e9 fabriqu\u00e9es localement, nous permettons aux agriculteurs d\u2019optimiser leur production et contribuons au d\u00e9veloppement durable de\u00a0l\u2019agriculture.<\/p><p class=\"MsoNormal\"><b>Au c\u0153ur de\u00a0nos\u00a0op\u00e9rations\u00a0 <\/b><\/p><p class=\"MsoNormal\">Notre usine est sp\u00e9cialis\u00e9e dans la production de syst\u00e8mes d\u2019irrigation pivot central avanc\u00e9s, de tuyaux de haute qualit\u00e9 et de services de galvanisation, offrant ainsi durabilit\u00e9 et protection contre la corrosion \u00e0 long terme. Dirig\u00e9e par une \u00e9quipe comp\u00e9tente de plus de 500 ing\u00e9nieurs et techniciens, nous assurons une qualit\u00e9 constante gr\u00e2ce \u00e0 une formation continue et \u00e0 l\u2019adoption des technologies les plus r\u00e9centes. Notre expertise garantit des solutions d\u2019irrigation efficaces, fiables et durables, favorisant ainsi la productivit\u00e9\u00a0agricole.<\/p>\t\t\t\t\t\t\t\t<\/div>\n\t\t\t\t<\/div>\n\t\t\t\t\t<\/div>\n\t\t<\/div>\n\t\t\t\t\t<\/div>\n\t\t<\/section>\n\t\t\t\t\t<\/div>\n\t\t<\/div>\n\t\t\t\t\t<\/div>\n\t\t<\/section>\n\t\t\t\t<section class=\"elementor-section elementor-top-section elementor-element elementor-element-33c1d40 elementor-section-boxed elementor-section-height-default elementor-section-height-default\" data-id=\"33c1d40\" data-element_type=\"section\">\n\t\t\t\t\t\t<div class=\"elementor-container elementor-column-gap-default\">\n\t\t\t\t\t<div class=\"elementor-column elementor-col-100 elementor-top-column elementor-element elementor-element-3a3adce\" data-id=\"3a3adce\" data-element_type=\"column\">\n\t\t\t<div class=\"elementor-widget-wrap elementor-element-populated\">\n\t\t\t\t\t\t<div class=\"elementor-element elementor-element-1bfdb5b elementor-widget elementor-widget-button\" data-id=\"1bfdb5b\" data-element_type=\"widget\" data-widget_type=\"button.default\">\n\t\t\t\t<div class=\"elementor-widget-container\">\n\t\t\t\t\t\t\t\t\t<div class=\"elementor-button-wrapper\">\n\t\t\t\t\t<a class=\"elementor-button elementor-button-link elementor-size-sm\" href=\"https:\/\/elsewedywatanya.com\/contact-us\/\">\n\t\t\t\t\t\t<span class=\"elementor-button-content-wrapper\">\n\t\t\t\t\t\t\t\t\t<span class=\"elementor-button-text\">Contactez-nous<\/span>\n\t\t\t\t\t<\/span>\n\t\t\t\t\t<\/a>\n\t\t\t\t<\/div>\n\t\t\t\t\t\t\t\t<\/div>\n\t\t\t\t<\/div>\n\t\t\t\t\t<\/div>\n\t\t<\/div>\n\t\t\t\t\t<\/div>\n\t\t<\/section>\n\t\t\t\t<\/div>","protected":false},"excerpt":{"rendered":"<p>Our Factory Strategic Location for Efficient Distribution&nbsp; \u00a0Our state-of-the-art manufacturing facility, spanning 240,000 square meters, produces over 2,400 advanced pivot irrigation systems annually, creating jobs and stimulating the local economy. Located in Ain Sokhna, strategically close to major ports such as Sokhna and Adabiya, it ensures reliable supply and efficient distribution to both local and [&hellip;]<\/p>","protected":false},"author":7,"featured_media":0,"parent":0,"menu_order":0,"comment_status":"closed","ping_status":"closed","template":"","meta":{"_uf_show_specific_survey":0,"_uf_disable_surveys":false,"footnotes":""},"class_list":["post-3802","page","type-page","status-publish","hentry"],"_links":{"self":[{"href":"https:\/\/elsewedywatanya.com\/fr\/wp-json\/wp\/v2\/pages\/3802","targetHints":{"allow":["GET"]}}],"collection":[{"href":"https:\/\/elsewedywatanya.com\/fr\/wp-json\/wp\/v2\/pages"}],"about":[{"href":"https:\/\/elsewedywatanya.com\/fr\/wp-json\/wp\/v2\/types\/page"}],"author":[{"embeddable":true,"href":"https:\/\/elsewedywatanya.com\/fr\/wp-json\/wp\/v2\/users\/7"}],"replies":[{"embeddable":true,"href":"https:\/\/elsewedywatanya.com\/fr\/wp-json\/wp\/v2\/comments?post=3802"}],"version-history":[{"count":15,"href":"https:\/\/elsewedywatanya.com\/fr\/wp-json\/wp\/v2\/pages\/3802\/revisions"}],"predecessor-version":[{"id":4095,"href":"https:\/\/elsewedywatanya.com\/fr\/wp-json\/wp\/v2\/pages\/3802\/revisions\/4095"}],"wp:attachment":[{"href":"https:\/\/elsewedywatanya.com\/fr\/wp-json\/wp\/v2\/media?parent=3802"}],"curies":[{"name":"wp","href":"https:\/\/api.w.org\/{rel}","templated":true}]}}