{"id":3790,"date":"2025-03-09T11:51:19","date_gmt":"2025-03-09T11:51:19","guid":{"rendered":"https:\/\/elsewedywatanya.com\/?page_id=3790"},"modified":"2025-03-15T21:31:05","modified_gmt":"2025-03-15T21:31:05","slug":"about-elsewedy-watanya","status":"publish","type":"page","link":"https:\/\/elsewedywatanya.com\/fr\/about-elsewedy-watanya\/","title":{"rendered":"About Elsewedy Watanya"},"content":{"rendered":"<div data-elementor-type=\"wp-page\" data-elementor-id=\"3790\" class=\"elementor elementor-3790\">\n\t\t\t\t\t\t<section class=\"elementor-section elementor-top-section elementor-element elementor-element-254e8cd elementor-section-full_width elementor-section-height-default elementor-section-height-default\" data-id=\"254e8cd\" data-element_type=\"section\">\n\t\t\t\t\t\t<div class=\"elementor-container elementor-column-gap-no\">\n\t\t\t\t\t<div class=\"elementor-column elementor-col-100 elementor-top-column elementor-element elementor-element-fef3163\" data-id=\"fef3163\" data-element_type=\"column\">\n\t\t\t<div class=\"elementor-widget-wrap elementor-element-populated\">\n\t\t\t\t\t\t<div class=\"elementor-element elementor-element-3895efc elementor-align-left elementor-widget elementor-widget-bdevs-banner-other\" data-id=\"3895efc\" data-element_type=\"widget\" data-widget_type=\"bdevs-banner-other.default\">\n\t\t\t\t<div class=\"elementor-widget-container\">\n\t\t\t\t\t  \r\n<section>\r\n    <div class=\"pages-hero\" style=\"background-image:url(https:\/\/elsewedywatanya.com\/wp-content\/uploads\/2025\/01\/Banner-1.png)\">\r\n        <div class=\"container\">\r\n            <div class=\"pages-title\">\r\n            \t                \t            <h1>Elsewedy Watanya<\/h1>\r\n\t            \t                        <\/div>\r\n        <\/div>\r\n    <\/div>\r\n<\/section>\r\n\t\t\t\t\t<\/div>\n\t\t\t\t<\/div>\n\t\t\t\t\t<\/div>\n\t\t<\/div>\n\t\t\t\t\t<\/div>\n\t\t<\/section>\n\t\t\t\t<section class=\"elementor-section elementor-top-section elementor-element elementor-element-6c63391 elementor-section-content-middle elementor-section-height-min-height elementor-section-boxed elementor-section-height-default elementor-section-items-middle\" data-id=\"6c63391\" data-element_type=\"section\">\n\t\t\t\t\t\t<div class=\"elementor-container elementor-column-gap-default\">\n\t\t\t\t\t<div class=\"elementor-column elementor-col-50 elementor-top-column elementor-element elementor-element-c90a1d3\" data-id=\"c90a1d3\" data-element_type=\"column\">\n\t\t\t<div class=\"elementor-widget-wrap elementor-element-populated\">\n\t\t\t\t\t\t<div class=\"elementor-element elementor-element-688c676 elementor-widget elementor-widget-heading\" data-id=\"688c676\" data-element_type=\"widget\" data-widget_type=\"heading.default\">\n\t\t\t\t<div class=\"elementor-widget-container\">\n\t\t\t\t\t<h5 class=\"elementor-heading-title elementor-size-default\">Notre entreprise\n<\/h5>\t\t\t\t<\/div>\n\t\t\t\t<\/div>\n\t\t\t\t<div class=\"elementor-element elementor-element-399f1dd elementor-widget elementor-widget-heading\" data-id=\"399f1dd\" data-element_type=\"widget\" data-widget_type=\"heading.default\">\n\t\t\t\t<div class=\"elementor-widget-container\">\n\t\t\t\t\t<h2 class=\"elementor-heading-title elementor-size-default\">Leader dans les syst\u00e8mes d'irrigation durables<\/h2>\t\t\t\t<\/div>\n\t\t\t\t<\/div>\n\t\t\t\t<div class=\"elementor-element elementor-element-194107c elementor-widget elementor-widget-text-editor\" data-id=\"194107c\" data-element_type=\"widget\" data-widget_type=\"text-editor.default\">\n\t\t\t\t<div class=\"elementor-widget-container\">\n\t\t\t\t\t\t\t\t\t<div class=\"elementor-background-overlay\">&nbsp;<\/div>\n<div class=\"elementor-element elementor-element-edit-mode elementor-element-49ee37f elementor-element--toggle-edit-tools elementor-widget elementor-widget-text-editor ui-resizable\" data-id=\"49ee37f\" data-element_type=\"widget\" data-model-cid=\"c19602\" data-widget_type=\"text-editor.default\">\n<div class=\"elementor-widget-container\">\n<div class=\"elementor-text-editor elementor-clearfix elementor-inline-editing\" data-elementor-setting-key=\"editor\" data-elementor-inline-editing-toolbar=\"advanced\">\n<p>Elsewedy Watanya est un acteur majeur dans la fourniture de solutions d\u2019irrigation innovantes et int\u00e9gr\u00e9es, con\u00e7ues pour optimiser l\u2019utilisation de l\u2019eau, accro\u00eetre la productivit\u00e9 et garantir la durabilit\u00e9\u00a0\u00e0\u00a0long\u00a0terme.&nbsp;<\/p><p>Nous comprenons parfaitement les d\u00e9fis actuels des agriculteurs et d\u00e9veloppons des syst\u00e8mes d\u2019irrigation fiables, pr\u00e9cis et efficaces, capables de fonctionner dans les conditions les\u00a0plus\u00a0extr\u00eames.<\/p>\n<p>Nos solutions vont bien au-del\u00e0 des \u00e9quipements : nous proposons des tuyaux de haute qualit\u00e9 pour une distribution de l\u2019eau fluide, ainsi que des services de galvanisation de pointe pour les tuyaux et toutes structures m\u00e9talliques, offrant une r\u00e9sistance accrue \u00e0 la corrosion et garantissant une long\u00e9vit\u00e9\u00a0optimale.<\/p><p>Avec des pi\u00e8ces de rechange authentiques et une cha\u00eene d'approvisionnement rapide et fiable, nous r\u00e9duisons les interruptions et assurons une exploitation continue\u00a0et\u00a0efficace.&nbsp;<\/p>\n<p>Gr\u00e2ce \u00e0 notre expertise technique et \u00e0 notre gamme compl\u00e8te de produits, nous permettons aux agriculteurs d\u2019optimiser leurs rendements et de conduire le futur de l\u2019irrigation intelligente et durable.<\/p>\n<p><\/p>\n<\/div>\n<\/div>\n<\/div>\t\t\t\t\t\t\t\t<\/div>\n\t\t\t\t<\/div>\n\t\t\t\t\t<\/div>\n\t\t<\/div>\n\t\t\t\t<div class=\"elementor-column elementor-col-50 elementor-top-column elementor-element elementor-element-0d30f2a\" data-id=\"0d30f2a\" data-element_type=\"column\">\n\t\t\t<div class=\"elementor-widget-wrap elementor-element-populated\">\n\t\t\t\t\t\t<div class=\"elementor-element elementor-element-882d438 elementor-widget__width-initial elementor-widget elementor-widget-image\" data-id=\"882d438\" data-element_type=\"widget\" data-widget_type=\"image.default\">\n\t\t\t\t<div class=\"elementor-widget-container\">\n\t\t\t\t\t\t\t\t\t\t\t\t\t\t\t<img fetchpriority=\"high\" decoding=\"async\" width=\"900\" height=\"564\" src=\"https:\/\/elsewedywatanya.com\/wp-content\/uploads\/2025\/03\/DIDI-scaled-e1741986790560-1024x642.jpg\" class=\"attachment-large size-large wp-image-4105\" alt=\"\" srcset=\"https:\/\/elsewedywatanya.com\/wp-content\/uploads\/2025\/03\/DIDI-scaled-e1741986790560-1024x642.jpg 1024w, https:\/\/elsewedywatanya.com\/wp-content\/uploads\/2025\/03\/DIDI-scaled-e1741986790560-300x188.jpg 300w, https:\/\/elsewedywatanya.com\/wp-content\/uploads\/2025\/03\/DIDI-scaled-e1741986790560-768x481.jpg 768w, https:\/\/elsewedywatanya.com\/wp-content\/uploads\/2025\/03\/DIDI-scaled-e1741986790560-1536x962.jpg 1536w, https:\/\/elsewedywatanya.com\/wp-content\/uploads\/2025\/03\/DIDI-scaled-e1741986790560-2048x1283.jpg 2048w, https:\/\/elsewedywatanya.com\/wp-content\/uploads\/2025\/03\/DIDI-scaled-e1741986790560-18x12.jpg 18w\" sizes=\"(max-width: 900px) 100vw, 900px\" \/>\t\t\t\t\t\t\t\t\t\t\t\t\t\t\t<\/div>\n\t\t\t\t<\/div>\n\t\t\t\t\t<\/div>\n\t\t<\/div>\n\t\t\t\t\t<\/div>\n\t\t<\/section>\n\t\t\t\t<section class=\"elementor-section elementor-top-section elementor-element elementor-element-3a6a80d elementor-section-content-middle elementor-section-height-min-height elementor-section-boxed elementor-section-height-default elementor-section-items-middle\" data-id=\"3a6a80d\" data-element_type=\"section\">\n\t\t\t\t\t\t<div class=\"elementor-container elementor-column-gap-default\">\n\t\t\t\t\t<div class=\"elementor-column elementor-col-50 elementor-top-column elementor-element elementor-element-c3309a6\" data-id=\"c3309a6\" data-element_type=\"column\">\n\t\t\t<div class=\"elementor-widget-wrap elementor-element-populated\">\n\t\t\t\t\t\t<div class=\"elementor-element elementor-element-5a5c8e8 elementor-widget elementor-widget-heading\" data-id=\"5a5c8e8\" data-element_type=\"widget\" data-widget_type=\"heading.default\">\n\t\t\t\t<div class=\"elementor-widget-container\">\n\t\t\t\t\t<h5 class=\"elementor-heading-title elementor-size-default\">\u00c0 propos\u00a0de\u00a0l'usine<\/h5>\t\t\t\t<\/div>\n\t\t\t\t<\/div>\n\t\t\t\t<div class=\"elementor-element elementor-element-ad89f05 elementor-widget elementor-widget-heading\" data-id=\"ad89f05\" data-element_type=\"widget\" data-widget_type=\"heading.default\">\n\t\t\t\t<div class=\"elementor-widget-container\">\n\t\t\t\t\t<h2 class=\"elementor-heading-title elementor-size-default\">Emplacement Strat\u00e9gique pour une Distribution\u00a0Efficace<\/h2>\t\t\t\t<\/div>\n\t\t\t\t<\/div>\n\t\t\t\t<div class=\"elementor-element elementor-element-56c39f0 elementor-widget elementor-widget-text-editor\" data-id=\"56c39f0\" data-element_type=\"widget\" data-widget_type=\"text-editor.default\">\n\t\t\t\t<div class=\"elementor-widget-container\">\n\t\t\t\t\t\t\t\t\t<p>Notre usine moderne, d\u2019une superficie de 240 000 m\u00e8tres carr\u00e9s, produit plus de 2 400 syst\u00e8mes d\u2019irrigation pivot avanc\u00e9s chaque ann\u00e9e, contribuant ainsi \u00e0 la cr\u00e9ation d\u2019emplois et \u00e0 la stimulation de l\u2019\u00e9conomie locale. L\u2019usine est situ\u00e9e \u00e0 Ain Sokhna, \u00e0 proximit\u00e9 strat\u00e9gique des ports de Sokhna et d\u2019Adabiya, garantissant une fourniture fiable et une distribution efficace vers les march\u00e9s locaux et internationaux. Cela contribue \u00e0 r\u00e9duire la d\u00e9pendance aux importations et soutient la croissance agricole. En mettant l\u2019accent sur des solutions d\u2019irrigation de haute qualit\u00e9 fabriqu\u00e9es localement, nous permettons aux agriculteurs d\u2019optimiser leur production et contribuons au d\u00e9veloppement durable de\u00a0l\u2019agriculture.<\/p>\t\t\t\t\t\t\t\t<\/div>\n\t\t\t\t<\/div>\n\t\t\t\t<div class=\"elementor-element elementor-element-d794567 elementor-widget elementor-widget-heading\" data-id=\"d794567\" data-element_type=\"widget\" data-widget_type=\"heading.default\">\n\t\t\t\t<div class=\"elementor-widget-container\">\n\t\t\t\t\t<h4 class=\"elementor-heading-title elementor-size-default\">Au c\u0153ur de\u00a0nos\u00a0op\u00e9rations<\/h4>\t\t\t\t<\/div>\n\t\t\t\t<\/div>\n\t\t\t\t<div class=\"elementor-element elementor-element-ea9a5fe elementor-widget elementor-widget-text-editor\" data-id=\"ea9a5fe\" data-element_type=\"widget\" data-widget_type=\"text-editor.default\">\n\t\t\t\t<div class=\"elementor-widget-container\">\n\t\t\t\t\t\t\t\t\t<p>Notre usine est sp\u00e9cialis\u00e9e dans la production de syst\u00e8mes d\u2019irrigation pivot central avanc\u00e9s, de tuyaux de haute qualit\u00e9 et de services de galvanisation, offrant ainsi durabilit\u00e9 et protection contre la corrosion \u00e0 long terme. Dirig\u00e9e par une \u00e9quipe comp\u00e9tente de plus de 500 ing\u00e9nieurs et techniciens, nous assurons une qualit\u00e9 constante gr\u00e2ce \u00e0 une formation continue et \u00e0 l\u2019adoption des technologies les plus r\u00e9centes. Notre expertise garantit des solutions d\u2019irrigation efficaces, fiables et durables, favorisant ainsi la productivit\u00e9\u00a0agricole.<\/p>\t\t\t\t\t\t\t\t<\/div>\n\t\t\t\t<\/div>\n\t\t\t\t\t<\/div>\n\t\t<\/div>\n\t\t\t\t<div class=\"elementor-column elementor-col-50 elementor-top-column elementor-element elementor-element-86dec58\" data-id=\"86dec58\" data-element_type=\"column\">\n\t\t\t<div class=\"elementor-widget-wrap elementor-element-populated\">\n\t\t\t\t\t\t<div class=\"elementor-element elementor-element-c339162 elementor-widget elementor-widget-image\" data-id=\"c339162\" data-element_type=\"widget\" data-widget_type=\"image.default\">\n\t\t\t\t<div class=\"elementor-widget-container\">\n\t\t\t\t\t\t\t\t\t\t\t\t\t\t\t<img decoding=\"async\" width=\"900\" height=\"575\" src=\"https:\/\/elsewedywatanya.com\/wp-content\/uploads\/2025\/03\/LALA-scaled-e1741891240572-1024x654.jpg\" class=\"attachment-large size-large wp-image-4107\" alt=\"\" srcset=\"https:\/\/elsewedywatanya.com\/wp-content\/uploads\/2025\/03\/LALA-scaled-e1741891240572-1024x654.jpg 1024w, https:\/\/elsewedywatanya.com\/wp-content\/uploads\/2025\/03\/LALA-scaled-e1741891240572-300x191.jpg 300w, https:\/\/elsewedywatanya.com\/wp-content\/uploads\/2025\/03\/LALA-scaled-e1741891240572-768x490.jpg 768w, https:\/\/elsewedywatanya.com\/wp-content\/uploads\/2025\/03\/LALA-scaled-e1741891240572-1536x980.jpg 1536w, https:\/\/elsewedywatanya.com\/wp-content\/uploads\/2025\/03\/LALA-scaled-e1741891240572-2048x1307.jpg 2048w, https:\/\/elsewedywatanya.com\/wp-content\/uploads\/2025\/03\/LALA-scaled-e1741891240572-18x12.jpg 18w\" sizes=\"(max-width: 900px) 100vw, 900px\" \/>\t\t\t\t\t\t\t\t\t\t\t\t\t\t\t<\/div>\n\t\t\t\t<\/div>\n\t\t\t\t\t<\/div>\n\t\t<\/div>\n\t\t\t\t\t<\/div>\n\t\t<\/section>\n\t\t\t\t<section class=\"elementor-section elementor-top-section elementor-element elementor-element-3d5afc7 elementor-section-content-middle elementor-section-height-min-height elementor-section-boxed elementor-section-height-default elementor-section-items-middle\" data-id=\"3d5afc7\" data-element_type=\"section\">\n\t\t\t\t\t\t<div class=\"elementor-container elementor-column-gap-default\">\n\t\t\t\t\t<div class=\"elementor-column elementor-col-50 elementor-top-column elementor-element elementor-element-8913796\" data-id=\"8913796\" data-element_type=\"column\">\n\t\t\t<div class=\"elementor-widget-wrap elementor-element-populated\">\n\t\t\t\t\t\t<div class=\"elementor-element elementor-element-0c478f6 elementor-widget elementor-widget-heading\" data-id=\"0c478f6\" data-element_type=\"widget\" data-widget_type=\"heading.default\">\n\t\t\t\t<div class=\"elementor-widget-container\">\n\t\t\t\t\t<h2 class=\"elementor-heading-title elementor-size-default\">Elsewedy Electric<\/h2>\t\t\t\t<\/div>\n\t\t\t\t<\/div>\n\t\t\t\t<div class=\"elementor-element elementor-element-5ffb40c elementor-widget elementor-widget-text-editor\" data-id=\"5ffb40c\" data-element_type=\"widget\" data-widget_type=\"text-editor.default\">\n\t\t\t\t<div class=\"elementor-widget-container\">\n\t\t\t\t\t\t\t\t\t<div class=\"elementor-background-overlay\"><p>Elsewedy Electric est un leader mondial qui a \u00e9volu\u00e9 d'un fabricant local de produits \u00e9lectriques \u00e0 un fournisseur int\u00e9gr\u00e9 de solutions d'infrastructure, avec plus de 19 000 employ\u00e9s et des revenus d\u00e9passant les 5 milliards USD en 2023. L'entreprise op\u00e8re dans cinq secteurs cl\u00e9s : c\u00e2bles, fils et accessoires, produits \u00e9lectriques, ing\u00e9nierie et construction, solutions num\u00e9riques, et investissements dans les infrastructures. Avec une forte pr\u00e9sence dans 19 pays, Elsewedy Electric poss\u00e8de 33 sites de production r\u00e9partis \u00e0 travers l'Afrique et l'Asie, y compris en \u00c9gypte, en Alg\u00e9rie, en Arabie Saoudite, au Qatar, en Indon\u00e9sie, au Pakistan et en Tanzanie. Les produits haut de gamme sont export\u00e9s vers plus de 110 pays dans le monde entier. Au c\u0153ur de son approche se trouve un service int\u00e9gr\u00e9 d\u2019ing\u00e9nierie, d\u2019approvisionnement et de construction (EPC), permettant de livrer des projets complexes dans les d\u00e9lais et avec une efficacit\u00e9\u00a0maximale.<\/p><\/div>\t\t\t\t\t\t\t\t<\/div>\n\t\t\t\t<\/div>\n\t\t\t\t\t<\/div>\n\t\t<\/div>\n\t\t\t\t<div class=\"elementor-column elementor-col-50 elementor-top-column elementor-element elementor-element-63802c6\" data-id=\"63802c6\" data-element_type=\"column\">\n\t\t\t<div class=\"elementor-widget-wrap\">\n\t\t\t\t\t\t\t<\/div>\n\t\t<\/div>\n\t\t\t\t\t<\/div>\n\t\t<\/section>\n\t\t\t\t<\/div>","protected":false},"excerpt":{"rendered":"<p>Elsewedy Watanya Our Company Leading the Way in Sustainable Irrigation Systems\u200b &nbsp; Elsewedy Watanya is a leading provider of integrated, end-to-end irrigation solutions designed to maximize water efficiency, boost productivity, and ensure long-term sustainability.&nbsp;With a deep understanding of the challenges faced by today\u2019s farmers, we create systems that deliver precise, consistent irrigation even in the [&hellip;]<\/p>","protected":false},"author":7,"featured_media":0,"parent":0,"menu_order":0,"comment_status":"closed","ping_status":"closed","template":"","meta":{"_uf_show_specific_survey":0,"_uf_disable_surveys":false,"footnotes":""},"class_list":["post-3790","page","type-page","status-publish","hentry"],"_links":{"self":[{"href":"https:\/\/elsewedywatanya.com\/fr\/wp-json\/wp\/v2\/pages\/3790","targetHints":{"allow":["GET"]}}],"collection":[{"href":"https:\/\/elsewedywatanya.com\/fr\/wp-json\/wp\/v2\/pages"}],"about":[{"href":"https:\/\/elsewedywatanya.com\/fr\/wp-json\/wp\/v2\/types\/page"}],"author":[{"embeddable":true,"href":"https:\/\/elsewedywatanya.com\/fr\/wp-json\/wp\/v2\/users\/7"}],"replies":[{"embeddable":true,"href":"https:\/\/elsewedywatanya.com\/fr\/wp-json\/wp\/v2\/comments?post=3790"}],"version-history":[{"count":20,"href":"https:\/\/elsewedywatanya.com\/fr\/wp-json\/wp\/v2\/pages\/3790\/revisions"}],"predecessor-version":[{"id":5015,"href":"https:\/\/elsewedywatanya.com\/fr\/wp-json\/wp\/v2\/pages\/3790\/revisions\/5015"}],"wp:attachment":[{"href":"https:\/\/elsewedywatanya.com\/fr\/wp-json\/wp\/v2\/media?parent=3790"}],"curies":[{"name":"wp","href":"https:\/\/api.w.org\/{rel}","templated":true}]}}