{"id":3773,"date":"2025-03-09T11:32:42","date_gmt":"2025-03-09T11:32:42","guid":{"rendered":"https:\/\/elsewedywatanya.com\/?page_id=3773"},"modified":"2025-03-09T12:24:34","modified_gmt":"2025-03-09T12:24:34","slug":"about-elsewedy-electric","status":"publish","type":"page","link":"https:\/\/elsewedywatanya.com\/fr\/about-elsewedy-electric\/","title":{"rendered":"About Elsewedy Electric"},"content":{"rendered":"<div data-elementor-type=\"wp-page\" data-elementor-id=\"3773\" class=\"elementor elementor-3773\">\n\t\t\t\t\t\t<section class=\"elementor-section elementor-top-section elementor-element elementor-element-91fa0ed elementor-section-full_width elementor-section-height-default elementor-section-height-default\" data-id=\"91fa0ed\" data-element_type=\"section\">\n\t\t\t\t\t\t<div class=\"elementor-container elementor-column-gap-no\">\n\t\t\t\t\t<div class=\"elementor-column elementor-col-100 elementor-top-column elementor-element elementor-element-606e59a\" data-id=\"606e59a\" data-element_type=\"column\">\n\t\t\t<div class=\"elementor-widget-wrap elementor-element-populated\">\n\t\t\t\t\t\t<div class=\"elementor-element elementor-element-ef821e3 elementor-align-left elementor-widget elementor-widget-bdevs-banner-other\" data-id=\"ef821e3\" data-element_type=\"widget\" data-widget_type=\"bdevs-banner-other.default\">\n\t\t\t\t<div class=\"elementor-widget-container\">\n\t\t\t\t\t  \r\n<section>\r\n    <div class=\"pages-hero\" style=\"background-image:url(https:\/\/elsewedywatanya.com\/wp-content\/uploads\/2024\/06\/Sequence-01.00_13_16_40.Still021-scaled.jpg)\">\r\n        <div class=\"container\">\r\n            <div class=\"pages-title\">\r\n            \t                \t            <h1>About Elsewedy Electric<\/h1>\r\n\t            \t                        <\/div>\r\n        <\/div>\r\n    <\/div>\r\n<\/section>\r\n\t\t\t\t\t<\/div>\n\t\t\t\t<\/div>\n\t\t\t\t\t<\/div>\n\t\t<\/div>\n\t\t\t\t\t<\/div>\n\t\t<\/section>\n\t\t\t\t<section class=\"elementor-section elementor-top-section elementor-element elementor-element-f03ad6b elementor-section-full_width elementor-section-height-default elementor-section-height-default\" data-id=\"f03ad6b\" data-element_type=\"section\">\n\t\t\t\t\t\t<div class=\"elementor-container elementor-column-gap-no\">\n\t\t\t\t\t<div class=\"elementor-column elementor-col-100 elementor-top-column elementor-element elementor-element-180b1f5\" data-id=\"180b1f5\" data-element_type=\"column\">\n\t\t\t<div class=\"elementor-widget-wrap elementor-element-populated\">\n\t\t\t\t\t\t<section class=\"elementor-section elementor-inner-section elementor-element elementor-element-944a2cf elementor-section-boxed elementor-section-height-default elementor-section-height-default\" data-id=\"944a2cf\" data-element_type=\"section\">\n\t\t\t\t\t\t<div class=\"elementor-container elementor-column-gap-default\">\n\t\t\t\t\t<div class=\"elementor-column elementor-col-100 elementor-inner-column elementor-element elementor-element-9e86062\" data-id=\"9e86062\" data-element_type=\"column\">\n\t\t\t<div class=\"elementor-widget-wrap elementor-element-populated\">\n\t\t\t\t\t\t<div class=\"elementor-element elementor-element-d61d326 elementor-widget elementor-widget-text-editor\" data-id=\"d61d326\" data-element_type=\"widget\" data-widget_type=\"text-editor.default\">\n\t\t\t\t<div class=\"elementor-widget-container\">\n\t\t\t\t\t\t\t\t\t<p>Elsewedy Electric is a global leader that has evolved from a local manufacturer of electrical products into an integrated infrastructure solutions provider; with over 19,000 employees and with recorded revenues of more than USD 5 Billion in 2023. We Operate in five key business sectors: Wire, Cable &amp; Accessories, Electrical Products, Engineering &amp; Construction, Digital Solutions, and Infrastructure Investments. With a strong presence in 19 different countries, 33 productions facilities spread across African and Asian countries including Egypt, Algeria, KSA, Qatar, Indonesia, Pakistan, and Tanzania. We export a wide range of high-end products to over 110 countries worldwide. At the heart of our approach is an all-in-one integrated Engineering, Procurement &amp; Construction (EPC) service, enabling us to deliver the most complex turnkey projects on time and with the highest efficiency.<\/p>\n<p><strong>Elsewedy Electric op\u00e8re dans 5 secteurs d'activit\u00e9 cl\u00e9s :<\/strong><\/p>\n<p>&#8211; Wire, Cable &amp; Accessories<\/p>\n<p>&#8211; Electrical Products<\/p>\n<p>&#8211; Engineering &amp; Construction<\/p>\n<p>&#8211; Digital Solutions<\/p>\n<p>&#8211; Infrastructure Investments<\/p>\t\t\t\t\t\t\t\t<\/div>\n\t\t\t\t<\/div>\n\t\t\t\t<div class=\"elementor-element elementor-element-7c1cb95 elementor-widget elementor-widget-button\" data-id=\"7c1cb95\" data-element_type=\"widget\" data-widget_type=\"button.default\">\n\t\t\t\t<div class=\"elementor-widget-container\">\n\t\t\t\t\t\t\t\t\t<div class=\"elementor-button-wrapper\">\n\t\t\t\t\t<a class=\"elementor-button elementor-button-link elementor-size-sm\" href=\"https:\/\/elsewedywatanya.com\/contact-us\/\">\n\t\t\t\t\t\t<span class=\"elementor-button-content-wrapper\">\n\t\t\t\t\t\t\t\t\t<span class=\"elementor-button-text\">Contactez-nous<\/span>\n\t\t\t\t\t<\/span>\n\t\t\t\t\t<\/a>\n\t\t\t\t<\/div>\n\t\t\t\t\t\t\t\t<\/div>\n\t\t\t\t<\/div>\n\t\t\t\t\t<\/div>\n\t\t<\/div>\n\t\t\t\t\t<\/div>\n\t\t<\/section>\n\t\t\t\t<div class=\"elementor-element elementor-element-8ee3848 elementor-widget elementor-widget-html\" data-id=\"8ee3848\" data-element_type=\"widget\" data-widget_type=\"html.default\">\n\t\t\t\t<div class=\"elementor-widget-container\">\n\t\t\t\t\t<style>\n.why-us-layer.mb-5 {\n    margin-bottom: 0px !important;\n}footer.site-footer.mt-3 {\n    margin-top: 0rem !important;\n}.elementor-element.elementor-element-9479a87.elementor-align-justify.elementor-widget.elementor-widget-bdevs-why-choose-us {\n    margin-block-end: 0px;\n}\n<\/style>\t\t\t\t<\/div>\n\t\t\t\t<\/div>\n\t\t\t\t\t<\/div>\n\t\t<\/div>\n\t\t\t\t\t<\/div>\n\t\t<\/section>\n\t\t\t\t<\/div>","protected":false},"excerpt":{"rendered":"<p>About Elsewedy Electric Elsewedy Electric is a global leader that has evolved from a local manufacturer of electrical products into an integrated infrastructure solutions provider; with over 19,000 employees and with recorded revenues of more than USD 5 Billion in 2023. We Operate in five key business sectors: Wire, Cable &amp; Accessories, Electrical Products, Engineering [&hellip;]<\/p>","protected":false},"author":7,"featured_media":0,"parent":0,"menu_order":0,"comment_status":"closed","ping_status":"closed","template":"","meta":{"_uf_show_specific_survey":0,"_uf_disable_surveys":false,"footnotes":""},"class_list":["post-3773","page","type-page","status-publish","hentry"],"_links":{"self":[{"href":"https:\/\/elsewedywatanya.com\/fr\/wp-json\/wp\/v2\/pages\/3773","targetHints":{"allow":["GET"]}}],"collection":[{"href":"https:\/\/elsewedywatanya.com\/fr\/wp-json\/wp\/v2\/pages"}],"about":[{"href":"https:\/\/elsewedywatanya.com\/fr\/wp-json\/wp\/v2\/types\/page"}],"author":[{"embeddable":true,"href":"https:\/\/elsewedywatanya.com\/fr\/wp-json\/wp\/v2\/users\/7"}],"replies":[{"embeddable":true,"href":"https:\/\/elsewedywatanya.com\/fr\/wp-json\/wp\/v2\/comments?post=3773"}],"version-history":[{"count":20,"href":"https:\/\/elsewedywatanya.com\/fr\/wp-json\/wp\/v2\/pages\/3773\/revisions"}],"predecessor-version":[{"id":3847,"href":"https:\/\/elsewedywatanya.com\/fr\/wp-json\/wp\/v2\/pages\/3773\/revisions\/3847"}],"wp:attachment":[{"href":"https:\/\/elsewedywatanya.com\/fr\/wp-json\/wp\/v2\/media?parent=3773"}],"curies":[{"name":"wp","href":"https:\/\/api.w.org\/{rel}","templated":true}]}}