{"id":1097,"date":"2024-06-12T13:20:41","date_gmt":"2024-06-12T13:20:41","guid":{"rendered":"http:\/\/mostafaa12.sg-host.com\/?page_id=1097"},"modified":"2024-09-09T11:18:20","modified_gmt":"2024-09-09T11:18:20","slug":"components-and-spare-parts","status":"publish","type":"page","link":"https:\/\/elsewedywatanya.com\/fr\/components-and-spare-parts\/","title":{"rendered":"Components and Spare Parts"},"content":{"rendered":"<div data-elementor-type=\"wp-page\" data-elementor-id=\"1097\" class=\"elementor elementor-1097\">\n\t\t\t\t\t\t<section class=\"elementor-section elementor-top-section elementor-element elementor-element-7065226 elementor-section-full_width elementor-section-height-default elementor-section-height-default\" data-id=\"7065226\" data-element_type=\"section\">\n\t\t\t\t\t\t<div class=\"elementor-container elementor-column-gap-no\">\n\t\t\t\t\t<div class=\"elementor-column elementor-col-100 elementor-top-column elementor-element elementor-element-1247bb7\" data-id=\"1247bb7\" data-element_type=\"column\">\n\t\t\t<div class=\"elementor-widget-wrap elementor-element-populated\">\n\t\t\t\t\t\t<div class=\"elementor-element elementor-element-b1d9a9a elementor-align-left elementor-widget elementor-widget-bdevs-banner-other\" data-id=\"b1d9a9a\" data-element_type=\"widget\" data-widget_type=\"bdevs-banner-other.default\">\n\t\t\t\t<div class=\"elementor-widget-container\">\n\t\t\t\t\t  \r\n<section>\r\n    <div class=\"pages-hero\" style=\"background-image:url(https:\/\/elsewedywatanya.com\/wp-content\/uploads\/2024\/06\/Sequence-01.00_13_16_40.Still021-scaled.jpg)\">\r\n        <div class=\"container\">\r\n            <div class=\"pages-title\">\r\n            \t                \t            <h1>Components and Spare Parts<\/h1>\r\n\t            \t                        <\/div>\r\n        <\/div>\r\n    <\/div>\r\n<\/section>\r\n\t\t\t\t\t<\/div>\n\t\t\t\t<\/div>\n\t\t\t\t\t<\/div>\n\t\t<\/div>\n\t\t\t\t\t<\/div>\n\t\t<\/section>\n\t\t\t\t<section class=\"elementor-section elementor-top-section elementor-element elementor-element-1845707 elementor-section-content-middle elementor-section-boxed elementor-section-height-default elementor-section-height-default\" data-id=\"1845707\" data-element_type=\"section\">\n\t\t\t\t\t\t<div class=\"elementor-container elementor-column-gap-default\">\n\t\t\t\t\t<div class=\"elementor-column elementor-col-50 elementor-top-column elementor-element elementor-element-9382da3\" data-id=\"9382da3\" data-element_type=\"column\">\n\t\t\t<div class=\"elementor-widget-wrap elementor-element-populated\">\n\t\t\t\t\t\t<div class=\"elementor-element elementor-element-271fb35 elementor-widget elementor-widget-image\" data-id=\"271fb35\" data-element_type=\"widget\" data-widget_type=\"image.default\">\n\t\t\t\t<div class=\"elementor-widget-container\">\n\t\t\t\t\t\t\t\t\t\t\t\t\t\t\t<img fetchpriority=\"high\" decoding=\"async\" width=\"900\" height=\"824\" src=\"https:\/\/elsewedywatanya.com\/wp-content\/uploads\/2024\/06\/Sequence-01.01_00_51_09.Still051-1024x937.jpg\" class=\"attachment-large size-large wp-image-1100\" alt=\"\" srcset=\"https:\/\/elsewedywatanya.com\/wp-content\/uploads\/2024\/06\/Sequence-01.01_00_51_09.Still051-1024x937.jpg 1024w, https:\/\/elsewedywatanya.com\/wp-content\/uploads\/2024\/06\/Sequence-01.01_00_51_09.Still051-300x275.jpg 300w, https:\/\/elsewedywatanya.com\/wp-content\/uploads\/2024\/06\/Sequence-01.01_00_51_09.Still051-768x703.jpg 768w, https:\/\/elsewedywatanya.com\/wp-content\/uploads\/2024\/06\/Sequence-01.01_00_51_09.Still051-1536x1406.jpg 1536w, https:\/\/elsewedywatanya.com\/wp-content\/uploads\/2024\/06\/Sequence-01.01_00_51_09.Still051.jpg 1652w\" sizes=\"(max-width: 900px) 100vw, 900px\" \/>\t\t\t\t\t\t\t\t\t\t\t\t\t\t\t<\/div>\n\t\t\t\t<\/div>\n\t\t\t\t\t<\/div>\n\t\t<\/div>\n\t\t\t\t<div class=\"elementor-column elementor-col-50 elementor-top-column elementor-element elementor-element-571db3c\" data-id=\"571db3c\" data-element_type=\"column\">\n\t\t\t<div class=\"elementor-widget-wrap elementor-element-populated\">\n\t\t\t\t\t\t<div class=\"elementor-element elementor-element-5a6db05 elementor-widget elementor-widget-heading\" data-id=\"5a6db05\" data-element_type=\"widget\" data-widget_type=\"heading.default\">\n\t\t\t\t<div class=\"elementor-widget-container\">\n\t\t\t\t\t<h2 class=\"elementor-heading-title elementor-size-default\">Panneau de contr\u00f4le<\/h2>\t\t\t\t<\/div>\n\t\t\t\t<\/div>\n\t\t\t\t<div class=\"elementor-element elementor-element-2248b45 elementor-widget elementor-widget-text-editor\" data-id=\"2248b45\" data-element_type=\"widget\" data-widget_type=\"text-editor.default\">\n\t\t\t\t<div class=\"elementor-widget-container\">\n\t\t\t\t\t\t\t\t\t<p>Le panneau de contr\u00f4le local est con\u00e7u pour fonctionner \u00e0 l\u2019ext\u00e9rieur, contr\u00f4l\u00e9 manuellement ou \u00e0 distance.<\/p><h4><strong>Sp\u00e9cifications<\/strong><\/h4><ul style=\"list-style: disc; padding-left: 20px;\"><li style=\"padding-bottom: 10px; line-height: 22px; font-family: 'Open Sans', sans-serif; font-size: 15px;\">Le panneau est dot\u00e9 d\u2019un \u00e9cran tactile pour un contr\u00f4le manuel.<\/li><li style=\"padding-bottom: 10px; line-height: 22px; font-family: 'Open Sans', sans-serif; font-size: 15px;\">Le panneau peut \u00eatre contr\u00f4l\u00e9 \u00e0 distance \u00e0 travers divers syst\u00e8mes programmables (SCADA, GSM ou radio).<\/li><li style=\"padding-bottom: 10px; line-height: 22px; font-family: 'Open Sans', sans-serif; font-size: 15px;\">L\u2019indice de protection de l\u2019enceinte du panneau est IP54.<\/li><\/ul>\t\t\t\t\t\t\t\t<\/div>\n\t\t\t\t<\/div>\n\t\t\t\t<div class=\"elementor-element elementor-element-505978f elementor-widget elementor-widget-heading\" data-id=\"505978f\" data-element_type=\"widget\" data-widget_type=\"heading.default\">\n\t\t\t\t<div class=\"elementor-widget-container\">\n\t\t\t\t\t<h2 class=\"elementor-heading-title elementor-size-default\">Bo\u00eete de tour<\/h2>\t\t\t\t<\/div>\n\t\t\t\t<\/div>\n\t\t\t\t<div class=\"elementor-element elementor-element-4c3c0d1 elementor-widget elementor-widget-text-editor\" data-id=\"4c3c0d1\" data-element_type=\"widget\" data-widget_type=\"text-editor.default\">\n\t\t\t\t<div class=\"elementor-widget-container\">\n\t\t\t\t\t\t\t\t\t<ul style=\"list-style: disc; padding-left: 20px;\">\n \t<li style=\"padding-bottom: 10px; line-height: 22px; font-family: 'Open Sans', sans-serif; font-size: 15px;\">La bo\u00eete de tour est con\u00e7ue pour maintenir l\u2019int\u00e9grit\u00e9 des pi\u00e8ces \u00e9lectriques des pivots qui contr\u00f4lent le mouvement des tours.<\/li>\n \t<li style=\"padding-bottom: 10px; line-height: 22px; font-family: 'Open Sans', sans-serif; font-size: 15px;\">Elle assure l\u2019int\u00e9gration du pivot pendant la rotation.<\/li>\n \t<li style=\"padding-bottom: 10px; line-height: 22px; font-family: 'Open Sans', sans-serif; font-size: 15px;\">La bo\u00eete de tour est un dispositif bien isol\u00e9 pour limiter l\u2019acc\u00e8s de l\u2019eau et de la poussi\u00e8re.<\/li>\n<\/ul>\t\t\t\t\t\t\t\t<\/div>\n\t\t\t\t<\/div>\n\t\t\t\t<div class=\"elementor-element elementor-element-727836f elementor-widget elementor-widget-heading\" data-id=\"727836f\" data-element_type=\"widget\" data-widget_type=\"heading.default\">\n\t\t\t\t<div class=\"elementor-widget-container\">\n\t\t\t\t\t<h2 class=\"elementor-heading-title elementor-size-default\">C\u00e2bles \u00e9lectriques<\/h2>\t\t\t\t<\/div>\n\t\t\t\t<\/div>\n\t\t\t\t<div class=\"elementor-element elementor-element-49871da elementor-widget elementor-widget-text-editor\" data-id=\"49871da\" data-element_type=\"widget\" data-widget_type=\"text-editor.default\">\n\t\t\t\t<div class=\"elementor-widget-container\">\n\t\t\t\t\t\t\t\t\t<p>Les c\u00e2bles d\u2019irrigation Elsewedy sont sp\u00e9cialement con\u00e7us pour les syst\u00e8mes d\u2019irrigation et d\u2019arrosage contr\u00f4l\u00e9s \u00e9lectriquement.<\/p><p>Ils sont adapt\u00e9s \u00e0 une installation en enterr\u00e9 ou en expos\u00e9 et garantissent des performances exceptionnelles, m\u00eame dans des conditions de temp\u00e9rature allant jusqu\u2019\u00e0 70 \u00b0C.<\/p><ul style=\"list-style: disc; padding-left: 20px;\"><li style=\"padding-bottom: 10px; line-height: 22px; font-family: 'Open Sans', sans-serif; font-size: 15px;\">Les c\u00e2bles CU\/XLPE\/PVC sont utilis\u00e9s dans l\u2019industrie pour des tensions allant jusqu\u2019\u00e0 0,6\/1 kV, ce qui les rend id\u00e9aux pour des installations ext\u00e9rieures.<\/li><li style=\"padding-bottom: 10px; line-height: 22px; font-family: 'Open Sans', sans-serif; font-size: 15px;\">Quant aux c\u00e2bles CU\/PVC\/PVC, ils sont \u00e9galement con\u00e7us pour des tensions allant jusqu\u2019\u00e0 0,6\/1 kV, adapt\u00e9s pour des installations\u00a0ext\u00e9rieures.<\/li><\/ul>\t\t\t\t\t\t\t\t<\/div>\n\t\t\t\t<\/div>\n\t\t\t\t\t<\/div>\n\t\t<\/div>\n\t\t\t\t\t<\/div>\n\t\t<\/section>\n\t\t\t\t<section class=\"elementor-section elementor-top-section elementor-element elementor-element-e6c8619 elementor-section-content-middle elementor-section-boxed elementor-section-height-default elementor-section-height-default\" data-id=\"e6c8619\" data-element_type=\"section\">\n\t\t\t\t\t\t<div class=\"elementor-container elementor-column-gap-default\">\n\t\t\t\t\t<div class=\"elementor-column elementor-col-50 elementor-top-column elementor-element elementor-element-c91693f\" data-id=\"c91693f\" data-element_type=\"column\">\n\t\t\t<div class=\"elementor-widget-wrap elementor-element-populated\">\n\t\t\t\t\t\t<div class=\"elementor-element elementor-element-db970d8 elementor-widget elementor-widget-heading\" data-id=\"db970d8\" data-element_type=\"widget\" data-widget_type=\"heading.default\">\n\t\t\t\t<div class=\"elementor-widget-container\">\n\t\t\t\t\t<h2 class=\"elementor-heading-title elementor-size-default\">Anneaux collecteurs<\/h2>\t\t\t\t<\/div>\n\t\t\t\t<\/div>\n\t\t\t\t<div class=\"elementor-element elementor-element-d56265a elementor-widget elementor-widget-text-editor\" data-id=\"d56265a\" data-element_type=\"widget\" data-widget_type=\"text-editor.default\">\n\t\t\t\t<div class=\"elementor-widget-container\">\n\t\t\t\t\t\t\t\t\t<p>L\u2019anneau collecteur est constitu\u00e9 d\u2019anneaux en laiton stationnaires avec des brosses de contact qui tournent autour d\u2019eux. Cet assemblage permet de fournir une alimentation continue, une tension de signal aux moteurs et de contr\u00f4ler le syst\u00e8me d\u2019irrigation pivot central.<\/p>\t\t\t\t\t\t\t\t<\/div>\n\t\t\t\t<\/div>\n\t\t\t\t<div class=\"elementor-element elementor-element-2535206 elementor-widget elementor-widget-heading\" data-id=\"2535206\" data-element_type=\"widget\" data-widget_type=\"heading.default\">\n\t\t\t\t<div class=\"elementor-widget-container\">\n\t\t\t\t\t<h2 class=\"elementor-heading-title elementor-size-default\">Bo\u00eete de vitesses<\/h2>\t\t\t\t<\/div>\n\t\t\t\t<\/div>\n\t\t\t\t<div class=\"elementor-element elementor-element-333d27e elementor-widget elementor-widget-text-editor\" data-id=\"333d27e\" data-element_type=\"widget\" data-widget_type=\"text-editor.default\">\n\t\t\t\t<div class=\"elementor-widget-container\">\n\t\t\t\t\t\t\t\t\t<p>La bo\u00eete de vitesses est personnalis\u00e9e pour offrir de meilleures performances et une dur\u00e9e de vie plus longue. Con\u00e7ue avec des mat\u00e9riaux permettant d\u2019augmenter la capacit\u00e9 de charge et de maximiser la dur\u00e9e de vie des engrenages. Une vari\u00e9t\u00e9 de mod\u00e8les est disponible pour r\u00e9pondre aux exigences de chaque projet.<\/p>\t\t\t\t\t\t\t\t<\/div>\n\t\t\t\t<\/div>\n\t\t\t\t<div class=\"elementor-element elementor-element-e43f179 elementor-widget elementor-widget-heading\" data-id=\"e43f179\" data-element_type=\"widget\" data-widget_type=\"heading.default\">\n\t\t\t\t<div class=\"elementor-widget-container\">\n\t\t\t\t\t<h2 class=\"elementor-heading-title elementor-size-default\">Accouplement<\/h2>\t\t\t\t<\/div>\n\t\t\t\t<\/div>\n\t\t\t\t<div class=\"elementor-element elementor-element-0737da5 elementor-widget elementor-widget-text-editor\" data-id=\"0737da5\" data-element_type=\"widget\" data-widget_type=\"text-editor.default\">\n\t\t\t\t<div class=\"elementor-widget-container\">\n\t\t\t\t\t\t\t\t\t<p>L\u2019accouplement est une connexion d\u2019entra\u00eenement amortissante entre le moteur d\u2019entra\u00eenement central et la bo\u00eete de vitesses finale. Disponible dans une vari\u00e9t\u00e9 de tailles et de configurations pour r\u00e9pondre \u00e0 tous les besoins des pivots centraux.<\/p>\t\t\t\t\t\t\t\t<\/div>\n\t\t\t\t<\/div>\n\t\t\t\t<div class=\"elementor-element elementor-element-a2b34d9 elementor-widget elementor-widget-heading\" data-id=\"a2b34d9\" data-element_type=\"widget\" data-widget_type=\"heading.default\">\n\t\t\t\t<div class=\"elementor-widget-container\">\n\t\t\t\t\t<h2 class=\"elementor-heading-title elementor-size-default\">Pneus<\/h2>\t\t\t\t<\/div>\n\t\t\t\t<\/div>\n\t\t\t\t<div class=\"elementor-element elementor-element-e01e26c elementor-widget elementor-widget-text-editor\" data-id=\"e01e26c\" data-element_type=\"widget\" data-widget_type=\"text-editor.default\">\n\t\t\t\t<div class=\"elementor-widget-container\">\n\t\t\t\t\t\t\t\t\t<p>Les pneus sont dot\u00e9s de motifs de bande de roulement sp\u00e9cialement con\u00e7us, offrant une excellente traction et des propri\u00e9t\u00e9s d\u2019auto-nettoyage remarquables.<\/p>\t\t\t\t\t\t\t\t<\/div>\n\t\t\t\t<\/div>\n\t\t\t\t<div class=\"elementor-element elementor-element-8fc1350 elementor-widget elementor-widget-heading\" data-id=\"8fc1350\" data-element_type=\"widget\" data-widget_type=\"heading.default\">\n\t\t\t\t<div class=\"elementor-widget-container\">\n\t\t\t\t\t<h2 class=\"elementor-heading-title elementor-size-default\">Arroseurs<\/h2>\t\t\t\t<\/div>\n\t\t\t\t<\/div>\n\t\t\t\t<div class=\"elementor-element elementor-element-c384676 elementor-widget elementor-widget-text-editor\" data-id=\"c384676\" data-element_type=\"widget\" data-widget_type=\"text-editor.default\">\n\t\t\t\t<div class=\"elementor-widget-container\">\n\t\t\t\t\t\t\t\t\t<p><strong>Arroseurs Senninger<\/strong><\/p><p>Ils distribuent l\u2019eau instantan\u00e9ment et uniform\u00e9ment sur de grandes surfaces. Leur faible pression de fonctionnement et leur grande taille de gouttelettes entra\u00eenent des pertes par \u00e9vaporation tr\u00e8s faibles et une plus grande efficacit\u00e9 d\u2019irrigation. La combinaison d\u2019un d\u00e9flecteur rotatif \u00e0 rainures avec un mouvement oscillant livre une taille de gouttelette constante sur une grande zone de couverture \u00e0 basse pression.<\/p><p><strong>Arroseurs Nelson<\/strong><\/p><p>Les arroseurs Nelson produisent un motif plus large, ce qui entra\u00eene un taux d\u2019application inf\u00e9rieur, un ruissellement r\u00e9duit et un temps d\u2019imbibition plus long. Le rotateur am\u00e9liore consid\u00e9rablement l\u2019uniformit\u00e9 en raison du chevauchement accru des pulv\u00e9risateurs adjacents.<\/p><p><strong>Arroseurs Komet<\/strong><\/p><p>Komet produit des arroseurs de pointe pour les pivots centraux et les syst\u00e8mes d\u2019irrigation lin\u00e9aire depuis 2006. Quel que soit le type d'arroseur que vous recherchez, le catalogue de produits Komet couvre tous les principaux usages et domaines d\u2019application. La gamme de produits actuelle s\u2019\u00e9tend des pulv\u00e9risateurs haute pression tels que la ligne Komet Twin Ultra (pour une utilisation en agriculture, irrigation de pelouses sportives et contr\u00f4le de la poussi\u00e8re, ainsi que pour les applications d\u2019eaux us\u00e9es industrielles et d\u2019exploitation mini\u00e8re) jusqu\u2019au Komet Precision Twister (\u00e9galement disponible en variante top-of-pipe pour les cultures plus hautes), ainsi que Komet Precision Wave pour une application en fin de syst\u00e8me.<\/p>\t\t\t\t\t\t\t\t<\/div>\n\t\t\t\t<\/div>\n\t\t\t\t\t<\/div>\n\t\t<\/div>\n\t\t\t\t<div class=\"elementor-column elementor-col-50 elementor-top-column elementor-element elementor-element-9aeeb2d\" data-id=\"9aeeb2d\" data-element_type=\"column\">\n\t\t\t<div class=\"elementor-widget-wrap elementor-element-populated\">\n\t\t\t\t\t\t<div class=\"elementor-element elementor-element-2bc2268 elementor-widget elementor-widget-image\" data-id=\"2bc2268\" data-element_type=\"widget\" data-widget_type=\"image.default\">\n\t\t\t\t<div class=\"elementor-widget-container\">\n\t\t\t\t\t\t\t\t\t\t\t\t\t\t\t<img decoding=\"async\" width=\"781\" height=\"1024\" src=\"https:\/\/elsewedywatanya.com\/wp-content\/uploads\/2024\/06\/farmey-1-781x1024.png\" class=\"attachment-large size-large wp-image-944\" alt=\"\" srcset=\"https:\/\/elsewedywatanya.com\/wp-content\/uploads\/2024\/06\/farmey-1-781x1024.png 781w, https:\/\/elsewedywatanya.com\/wp-content\/uploads\/2024\/06\/farmey-1-229x300.png 229w, https:\/\/elsewedywatanya.com\/wp-content\/uploads\/2024\/06\/farmey-1-768x1006.png 768w, https:\/\/elsewedywatanya.com\/wp-content\/uploads\/2024\/06\/farmey-1.png 992w\" sizes=\"(max-width: 781px) 100vw, 781px\" \/>\t\t\t\t\t\t\t\t\t\t\t\t\t\t\t<\/div>\n\t\t\t\t<\/div>\n\t\t\t\t\t<\/div>\n\t\t<\/div>\n\t\t\t\t\t<\/div>\n\t\t<\/section>\n\t\t\t\t<\/div>","protected":false},"excerpt":{"rendered":"<p>Components and Spare Parts Local Control Panel The local control panel is designed to operate in outdoor conditions , controlled manually or remotely. Specifications The panel has touch screen to be manually controlled. The panel can be controlled remotely through different of programmable systems (SCADA, GSM or radio) The panel enclosure rate is IP54 Tower [&hellip;]<\/p>","protected":false},"author":1,"featured_media":0,"parent":0,"menu_order":0,"comment_status":"closed","ping_status":"closed","template":"","meta":{"_uf_show_specific_survey":0,"_uf_disable_surveys":false,"footnotes":""},"class_list":["post-1097","page","type-page","status-publish","hentry"],"_links":{"self":[{"href":"https:\/\/elsewedywatanya.com\/fr\/wp-json\/wp\/v2\/pages\/1097","targetHints":{"allow":["GET"]}}],"collection":[{"href":"https:\/\/elsewedywatanya.com\/fr\/wp-json\/wp\/v2\/pages"}],"about":[{"href":"https:\/\/elsewedywatanya.com\/fr\/wp-json\/wp\/v2\/types\/page"}],"author":[{"embeddable":true,"href":"https:\/\/elsewedywatanya.com\/fr\/wp-json\/wp\/v2\/users\/1"}],"replies":[{"embeddable":true,"href":"https:\/\/elsewedywatanya.com\/fr\/wp-json\/wp\/v2\/comments?post=1097"}],"version-history":[{"count":1,"href":"https:\/\/elsewedywatanya.com\/fr\/wp-json\/wp\/v2\/pages\/1097\/revisions"}],"predecessor-version":[{"id":2306,"href":"https:\/\/elsewedywatanya.com\/fr\/wp-json\/wp\/v2\/pages\/1097\/revisions\/2306"}],"wp:attachment":[{"href":"https:\/\/elsewedywatanya.com\/fr\/wp-json\/wp\/v2\/media?parent=1097"}],"curies":[{"name":"wp","href":"https:\/\/api.w.org\/{rel}","templated":true}]}}