{"id":1087,"date":"2024-06-12T13:15:18","date_gmt":"2024-06-12T13:15:18","guid":{"rendered":"http:\/\/mostafaa12.sg-host.com\/?page_id=1087"},"modified":"2024-09-09T12:00:18","modified_gmt":"2024-09-09T12:00:18","slug":"maintenance","status":"publish","type":"page","link":"https:\/\/elsewedywatanya.com\/fr\/maintenance\/","title":{"rendered":"Maintenance"},"content":{"rendered":"<div data-elementor-type=\"wp-page\" data-elementor-id=\"1087\" class=\"elementor elementor-1087\">\n\t\t\t\t\t\t<section class=\"elementor-section elementor-top-section elementor-element elementor-element-103fa7e elementor-section-full_width elementor-section-height-default elementor-section-height-default\" data-id=\"103fa7e\" data-element_type=\"section\">\n\t\t\t\t\t\t<div class=\"elementor-container elementor-column-gap-no\">\n\t\t\t\t\t<div class=\"elementor-column elementor-col-100 elementor-top-column elementor-element elementor-element-0265c6f\" data-id=\"0265c6f\" data-element_type=\"column\">\n\t\t\t<div class=\"elementor-widget-wrap elementor-element-populated\">\n\t\t\t\t\t\t<div class=\"elementor-element elementor-element-bf04c35 elementor-align-left elementor-widget elementor-widget-bdevs-banner-other\" data-id=\"bf04c35\" data-element_type=\"widget\" data-widget_type=\"bdevs-banner-other.default\">\n\t\t\t\t<div class=\"elementor-widget-container\">\n\t\t\t\t\t  \r\n<section>\r\n    <div class=\"pages-hero\" style=\"background-image:url(https:\/\/elsewedywatanya.com\/wp-content\/uploads\/2024\/06\/Sequence-01.00_13_16_40.Still021-scaled.jpg)\">\r\n        <div class=\"container\">\r\n            <div class=\"pages-title\">\r\n            \t                \t            <h1>Maintenance<\/h1>\r\n\t            \t                        <\/div>\r\n        <\/div>\r\n    <\/div>\r\n<\/section>\r\n\t\t\t\t\t<\/div>\n\t\t\t\t<\/div>\n\t\t\t\t\t<\/div>\n\t\t<\/div>\n\t\t\t\t\t<\/div>\n\t\t<\/section>\n\t\t\t\t<section class=\"elementor-section elementor-top-section elementor-element elementor-element-dc6b71a elementor-section-content-middle elementor-section-boxed elementor-section-height-default elementor-section-height-default\" data-id=\"dc6b71a\" data-element_type=\"section\">\n\t\t\t\t\t\t<div class=\"elementor-container elementor-column-gap-default\">\n\t\t\t\t\t<div class=\"elementor-column elementor-col-50 elementor-top-column elementor-element elementor-element-c439135\" data-id=\"c439135\" data-element_type=\"column\">\n\t\t\t<div class=\"elementor-widget-wrap elementor-element-populated\">\n\t\t\t\t\t\t<div class=\"elementor-element elementor-element-446ed6b elementor-widget elementor-widget-image\" data-id=\"446ed6b\" data-element_type=\"widget\" data-widget_type=\"image.default\">\n\t\t\t\t<div class=\"elementor-widget-container\">\n\t\t\t\t\t\t\t\t\t\t\t\t\t\t\t<img fetchpriority=\"high\" decoding=\"async\" width=\"900\" height=\"506\" src=\"https:\/\/elsewedywatanya.com\/wp-content\/uploads\/2024\/06\/Sequence-01.00_13_16_40.Still021-1024x576.jpg\" class=\"attachment-large size-large wp-image-1089\" alt=\"\" srcset=\"https:\/\/elsewedywatanya.com\/wp-content\/uploads\/2024\/06\/Sequence-01.00_13_16_40.Still021-1024x576.jpg 1024w, https:\/\/elsewedywatanya.com\/wp-content\/uploads\/2024\/06\/Sequence-01.00_13_16_40.Still021-300x169.jpg 300w, https:\/\/elsewedywatanya.com\/wp-content\/uploads\/2024\/06\/Sequence-01.00_13_16_40.Still021-768x432.jpg 768w, https:\/\/elsewedywatanya.com\/wp-content\/uploads\/2024\/06\/Sequence-01.00_13_16_40.Still021-1536x864.jpg 1536w, https:\/\/elsewedywatanya.com\/wp-content\/uploads\/2024\/06\/Sequence-01.00_13_16_40.Still021-2048x1152.jpg 2048w\" sizes=\"(max-width: 900px) 100vw, 900px\" \/>\t\t\t\t\t\t\t\t\t\t\t\t\t\t\t<\/div>\n\t\t\t\t<\/div>\n\t\t\t\t\t<\/div>\n\t\t<\/div>\n\t\t\t\t<div class=\"elementor-column elementor-col-50 elementor-top-column elementor-element elementor-element-1e5f993\" data-id=\"1e5f993\" data-element_type=\"column\">\n\t\t\t<div class=\"elementor-widget-wrap elementor-element-populated\">\n\t\t\t\t\t\t<div class=\"elementor-element elementor-element-b49493d elementor-widget elementor-widget-heading\" data-id=\"b49493d\" data-element_type=\"widget\" data-widget_type=\"heading.default\">\n\t\t\t\t<div class=\"elementor-widget-container\">\n\t\t\t\t\t<h2 class=\"elementor-heading-title elementor-size-default\">Pre-Sales<\/h2>\t\t\t\t<\/div>\n\t\t\t\t<\/div>\n\t\t\t\t<div class=\"elementor-element elementor-element-a8f28a0 elementor-widget elementor-widget-text-editor\" data-id=\"a8f28a0\" data-element_type=\"widget\" data-widget_type=\"text-editor.default\">\n\t\t\t\t<div class=\"elementor-widget-container\">\n\t\t\t\t\t\t\t\t\t<p>Nous fournissons une solution de conception compl\u00e8te comprenant des syst\u00e8mes de pompage, des r\u00e9seaux d\u2019infrastructure, des r\u00e9seaux de pipelines, des travaux de r\u00e9cup\u00e9ration cl\u00e9s en main, la construction de routes, des solutions de traitement de l\u2019eau et des syst\u00e8mes d\u2019irrigation pivot central.<\/p><p>Gestion de l\u2019eau et de l\u2019\u00e9nergie en appliquant des solutions pour optimiser la consommation des syst\u00e8mes \u00e0 l\u2019aide de mod\u00e8les logiciels.<\/p>\t\t\t\t\t\t\t\t<\/div>\n\t\t\t\t<\/div>\n\t\t\t\t<div class=\"elementor-element elementor-element-2814926 elementor-widget elementor-widget-button\" data-id=\"2814926\" data-element_type=\"widget\" data-widget_type=\"button.default\">\n\t\t\t\t<div class=\"elementor-widget-container\">\n\t\t\t\t\t\t\t\t\t<div class=\"elementor-button-wrapper\">\n\t\t\t\t\t<a class=\"elementor-button elementor-button-link elementor-size-sm\" href=\"https:\/\/elsewedywatanya.com\/contact-us\/\">\n\t\t\t\t\t\t<span class=\"elementor-button-content-wrapper\">\n\t\t\t\t\t\t\t\t\t<span class=\"elementor-button-text\">Contactez-nous<\/span>\n\t\t\t\t\t<\/span>\n\t\t\t\t\t<\/a>\n\t\t\t\t<\/div>\n\t\t\t\t\t\t\t\t<\/div>\n\t\t\t\t<\/div>\n\t\t\t\t\t<\/div>\n\t\t<\/div>\n\t\t\t\t\t<\/div>\n\t\t<\/section>\n\t\t\t\t<section class=\"elementor-section elementor-top-section elementor-element elementor-element-16f2512 elementor-section-content-middle elementor-section-boxed elementor-section-height-default elementor-section-height-default\" data-id=\"16f2512\" data-element_type=\"section\">\n\t\t\t\t\t\t<div class=\"elementor-container elementor-column-gap-default\">\n\t\t\t\t\t<div class=\"elementor-column elementor-col-50 elementor-top-column elementor-element elementor-element-efa0c47\" data-id=\"efa0c47\" data-element_type=\"column\">\n\t\t\t<div class=\"elementor-widget-wrap elementor-element-populated\">\n\t\t\t\t\t\t<div class=\"elementor-element elementor-element-68bec12 elementor-widget elementor-widget-heading\" data-id=\"68bec12\" data-element_type=\"widget\" data-widget_type=\"heading.default\">\n\t\t\t\t<div class=\"elementor-widget-container\">\n\t\t\t\t\t<h2 class=\"elementor-heading-title elementor-size-default\">After-Sales<\/h2>\t\t\t\t<\/div>\n\t\t\t\t<\/div>\n\t\t\t\t<div class=\"elementor-element elementor-element-b0d1cc6 elementor-widget elementor-widget-text-editor\" data-id=\"b0d1cc6\" data-element_type=\"widget\" data-widget_type=\"text-editor.default\">\n\t\t\t\t<div class=\"elementor-widget-container\">\n\t\t\t\t\t\t\t\t\t<p>Installation : une \u00e9quipe de service disponible 24h\/24 et 7j\/7 compos\u00e9e d\u2019ing\u00e9nieurs et de techniciens qualifi\u00e9s pour garantir que le client re\u00e7oit un syst\u00e8me d\u2019irrigation op\u00e9rationnel et fonctionnel.<\/p><p>Maintenance : une \u00e9quipe de service disponible 24h\/24 et 7j\/7 compos\u00e9e d\u2019ing\u00e9nieurs de maintenance et de d\u00e9pannage qualifi\u00e9s pour garantir que le client re\u00e7oit un service de r\u00e9paration rapide.<\/p><p>Pi\u00e8ces d\u00e9tach\u00e9es:\u00a0<\/p><p>&#8211; Maintenance and installation spare parts are readily available when required for DELTA systems off the shelf from our stock holding.<\/p><p>&#8211; Maintenance and installation spare parts for any other pivot systems are available and compatible with all brands.<\/p>\t\t\t\t\t\t\t\t<\/div>\n\t\t\t\t<\/div>\n\t\t\t\t<div class=\"elementor-element elementor-element-6d362f6 elementor-widget elementor-widget-button\" data-id=\"6d362f6\" data-element_type=\"widget\" data-widget_type=\"button.default\">\n\t\t\t\t<div class=\"elementor-widget-container\">\n\t\t\t\t\t\t\t\t\t<div class=\"elementor-button-wrapper\">\n\t\t\t\t\t<a class=\"elementor-button elementor-button-link elementor-size-sm\" href=\"https:\/\/elsewedywatanya.com\/contact-us\/\">\n\t\t\t\t\t\t<span class=\"elementor-button-content-wrapper\">\n\t\t\t\t\t\t\t\t\t<span class=\"elementor-button-text\">Contactez-nous<\/span>\n\t\t\t\t\t<\/span>\n\t\t\t\t\t<\/a>\n\t\t\t\t<\/div>\n\t\t\t\t\t\t\t\t<\/div>\n\t\t\t\t<\/div>\n\t\t\t\t\t<\/div>\n\t\t<\/div>\n\t\t\t\t<div class=\"elementor-column elementor-col-50 elementor-top-column elementor-element elementor-element-21f9f7f\" data-id=\"21f9f7f\" data-element_type=\"column\">\n\t\t\t<div class=\"elementor-widget-wrap elementor-element-populated\">\n\t\t\t\t\t\t<div class=\"elementor-element elementor-element-f8534b6 elementor-widget elementor-widget-image\" data-id=\"f8534b6\" data-element_type=\"widget\" data-widget_type=\"image.default\">\n\t\t\t\t<div class=\"elementor-widget-container\">\n\t\t\t\t\t\t\t\t\t\t\t\t\t\t\t<img decoding=\"async\" width=\"900\" height=\"506\" src=\"https:\/\/elsewedywatanya.com\/wp-content\/uploads\/2024\/06\/Sequence-01.00_03_25_32.Still004-1024x576.jpg\" class=\"attachment-large size-large wp-image-1093\" alt=\"\" srcset=\"https:\/\/elsewedywatanya.com\/wp-content\/uploads\/2024\/06\/Sequence-01.00_03_25_32.Still004-1024x576.jpg 1024w, https:\/\/elsewedywatanya.com\/wp-content\/uploads\/2024\/06\/Sequence-01.00_03_25_32.Still004-300x169.jpg 300w, https:\/\/elsewedywatanya.com\/wp-content\/uploads\/2024\/06\/Sequence-01.00_03_25_32.Still004-768x432.jpg 768w, https:\/\/elsewedywatanya.com\/wp-content\/uploads\/2024\/06\/Sequence-01.00_03_25_32.Still004-1536x864.jpg 1536w, https:\/\/elsewedywatanya.com\/wp-content\/uploads\/2024\/06\/Sequence-01.00_03_25_32.Still004-2048x1152.jpg 2048w\" sizes=\"(max-width: 900px) 100vw, 900px\" \/>\t\t\t\t\t\t\t\t\t\t\t\t\t\t\t<\/div>\n\t\t\t\t<\/div>\n\t\t\t\t\t<\/div>\n\t\t<\/div>\n\t\t\t\t\t<\/div>\n\t\t<\/section>\n\t\t\t\t<\/div>","protected":false},"excerpt":{"rendered":"<p>Maintenance Pre-Sales Providing a complete design solution that includes pumping systems, infrastructure networks, pipeline networks, Turnkey reclamation works, roads construction, micro-tunnelling &amp; pipe jacking, water treatment solutions and center irrigation pivot systems. Water &amp; energy management by applying solutions to optimize the systems consumption using a software models. Contact us After-Sales Installation: 247 available service [&hellip;]<\/p>","protected":false},"author":1,"featured_media":0,"parent":0,"menu_order":0,"comment_status":"closed","ping_status":"closed","template":"","meta":{"_uf_show_specific_survey":0,"_uf_disable_surveys":false,"footnotes":""},"class_list":["post-1087","page","type-page","status-publish","hentry"],"_links":{"self":[{"href":"https:\/\/elsewedywatanya.com\/fr\/wp-json\/wp\/v2\/pages\/1087","targetHints":{"allow":["GET"]}}],"collection":[{"href":"https:\/\/elsewedywatanya.com\/fr\/wp-json\/wp\/v2\/pages"}],"about":[{"href":"https:\/\/elsewedywatanya.com\/fr\/wp-json\/wp\/v2\/types\/page"}],"author":[{"embeddable":true,"href":"https:\/\/elsewedywatanya.com\/fr\/wp-json\/wp\/v2\/users\/1"}],"replies":[{"embeddable":true,"href":"https:\/\/elsewedywatanya.com\/fr\/wp-json\/wp\/v2\/comments?post=1087"}],"version-history":[{"count":0,"href":"https:\/\/elsewedywatanya.com\/fr\/wp-json\/wp\/v2\/pages\/1087\/revisions"}],"wp:attachment":[{"href":"https:\/\/elsewedywatanya.com\/fr\/wp-json\/wp\/v2\/media?parent=1087"}],"curies":[{"name":"wp","href":"https:\/\/api.w.org\/{rel}","templated":true}]}}